{"id":65,"date":"2019-01-08T11:41:45","date_gmt":"2019-01-08T11:41:45","guid":{"rendered":"http:\/\/www.movimentobloom.org.pt\/pt\/?page_id=65"},"modified":"2025-12-27T13:04:46","modified_gmt":"2025-12-27T13:04:46","slug":"como-apoiar","status":"publish","type":"page","link":"https:\/\/www.movimentobloom.org.pt\/pt\/como-apoiar\/","title":{"rendered":"Como Apoiar"},"content":{"rendered":"\n<h3 class=\"wp-block-heading\">Fa\u00e7a parte deste Movimento<\/h3>\n\n\n\n<p>Ao apoiar a nossa miss\u00e3o contribui para levarmos mais e mais crian\u00e7as para a Natureza e desenvolvermos um maior n\u00famero de iniciativas de educa\u00e7\u00e3o ambiental com escolas p\u00fablicas e institui\u00e7\u00f5es carenciadas.  <\/p>\n\n\n\n<p><strong>Fa\u00e7a um Donativo<\/strong><\/p>\n\n\n\n<p>Cada euro conta e representa muito mais do que um simples gesto financeiro, ajuda a dar passos em dire\u00e7\u00e3o a um futuro mais sustent\u00e1vel e consciente. <\/p>\n\n\n\n<p><strong>Quanto Doar?<\/strong><\/p>\n\n\n\n<h2 class=\"wp-block-heading\"><strong>25\u20ac <\/strong><\/h2>\n\n\n\n<p><strong>Permite-nos levar&nbsp;<strong>1 crian\u00e7a<\/strong>&nbsp;<strong>de escolas p\u00fablicas e IPSS da Amadora e de Sintra \u00e0 floresta do Parque Natural Sintra-Cascais<\/strong>, proporcionando-lhe uma experi\u00eancia transformadora em contacto com a natureza \u2014 com transporte, equipamentos e acompanhamento especializado&nbsp;inclu\u00eddos.<\/strong><\/p>\n\n\n\n<p><strong>Como doar?<\/strong><\/p>\n\n\n\n<p><strong>Transfer\u00eancia banc\u00e1ria<\/strong><\/p>\n\n\n\n<p>Banco Montepio <br><strong>IBAN PT 50.0036.0000.99105896344.14  <\/strong><\/p>\n\n\n\n<p><strong>MB Way<\/strong><\/p>\n\n\n\n<p>913187671<\/p>\n\n\n\n<p><strong>Seja associado<\/strong><\/p>\n\n\n\n<p>Os associados do Movimento Bloom formam parte dos \u00f3rg\u00e3os sociais, tendo direitos e deveres associados.<\/p>\n\n\n\n<p>O valor de Quota Anual \u00e9 de \u20ac25,00. <\/p>\n\n\n\n<h4 class=\"wp-block-heading\">Para ser associado siga os seguintes passos:<\/h4>\n\n\n\n<ul class=\"wp-block-list\">\n<li>Preencha o formul\u00e1rio de inscri\u00e7\u00e3o abaixo;<\/li>\n\n\n\n<li>Proceda ao pagamento do valor da quota anual de\u00a0<strong>\u20ac25,00<\/strong>\u00a0por transfer\u00eancia banc\u00e1ria para o<br> <strong>IBAN PT 50.0036.0000.99105896344.14  <\/strong>ou <strong>MB Way 91318767<\/strong>1- e inclua no descritivo o seu primeiro e \u00faltimo nome;<\/li>\n\n\n\n<li>Envie o comprovativo de pagamento para o email <strong>info@movimentobloom.org.pt<\/strong> ou <strong>movimento.bloom@gmail.com<\/strong>.<\/li>\n<\/ul>\n\n\n\n<iframe loading=\"lazy\" src=\"https:\/\/docs.google.com\/forms\/d\/e\/1FAIpQLScMucghmtRkeYg-WK3uR55Iq7M38gzovx-GJU--yQ8ajNRpNw\/viewform?embedded=true\" width=\"700\" height=\"520\" frameborder=\"0\" marginheight=\"0\" marginwidth=\"0\">Loading\u2026<\/iframe>\n\n\n\n<p><br><\/p>\n\n\n\n<h4 class=\"wp-block-heading\">Doe know how, tempo, bens ou servi\u00e7os<\/h4>\n\n\n\n<p>Partilhamos as diversas formas de contribuir para a miss\u00e3o do Movimento Bloom. \u00c9 s\u00f3 escolher como prefere apoiar.<\/p>\n\n\n\n<p>Para conseguirmos estar diariamente na Escola da Floresta Bloom  e canalizarmos todos os fundos que angariamos para levar mais crian\u00e7as para a Natureza, necessitamos de alguns bens, quer para o exterior, quer para o backoffice: <\/p>\n\n\n\n<p><strong>Equipamentos\/ Materiais outdoor<\/strong><\/p>\n\n\n\n<ul class=\"wp-block-list\">\n<li> 2 Lonas imperme\u00e1veis (5 x 8) <\/li>\n\n\n\n<li> 2 Walkie-Talkie<\/li>\n\n\n\n<li> 2 Garrafas t\u00e9rmicas para ch\u00e1 (1 litro) <\/li>\n\n\n\n<li> 30 canecas pequenas de inox<\/li>\n\n\n\n<li>  Baus\/ Arcas de exterior  (80 x 80 x 120) <\/li>\n\n\n\n<li> 10 Botas da chuva (entre o n\u00ba 30 e o 38) <\/li>\n<\/ul>\n\n\n\n<p><strong>Equipamentos\/ Materiais indoor<\/strong><\/p>\n\n\n\n<ul class=\"wp-block-list\">\n<li> 1 Computador <\/li>\n\n\n\n<li>1 Telem\u00f3vel com boa c\u00e2mara fotogr\u00e1fica  <\/li>\n\n\n\n<li> Caixas de arruma\u00e7\u00e3o (10 e 20 litros) <\/li>\n\n\n\n<li> 1 Impressora + toners<\/li>\n<\/ul>\n\n\n\n<p><strong>Servi\u00e7os <\/strong><\/p>\n\n\n\n<ul class=\"wp-block-list\">\n<li> Marketing digital &#8211; Gest\u00e3o de redes sociais <\/li>\n\n\n\n<li> Ag\u00eancia de Comunica\u00e7\u00e3o <\/li>\n\n\n\n<li> Apoio legal e administrativo <\/li>\n<\/ul>\n\n\n<div class=\"wp-block-image\">\n<figure class=\"aligncenter is-resized\"><img loading=\"lazy\" decoding=\"async\" width=\"107\" height=\"132\" src=\"http:\/\/www.movimentobloom.org.pt\/pt\/wp-content\/uploads\/2019\/01\/mushroom.png\" alt=\"\" class=\"wp-image-641\" style=\"width:75px;height:93px\"\/><\/figure><\/div>","protected":false},"excerpt":{"rendered":"<p>Fa\u00e7a parte deste Movimento Ao apoiar a nossa miss\u00e3o contribui para levarmos mais e mais crian\u00e7as para a Natureza e desenvolvermos um maior n\u00famero de iniciativas de educa\u00e7\u00e3o ambiental com escolas p\u00fablicas e institui\u00e7\u00f5es carenciadas. Fa\u00e7a um Donativo Cada euro conta e representa muito mais do que um simples gesto financeiro, ajuda a dar passos <a href=\"https:\/\/www.movimentobloom.org.pt\/pt\/como-apoiar\/\" class=\"read-more\">Continue Reading<i class=\"ion-ios-arrow-right\"><\/i><\/a><\/p>\n","protected":false},"author":1,"featured_media":0,"parent":0,"menu_order":0,"comment_status":"closed","ping_status":"closed","template":"","meta":{"footnotes":""},"class_list":["post-65","page","type-page","status-publish","hentry"],"_links":{"self":[{"href":"https:\/\/www.movimentobloom.org.pt\/pt\/wp-json\/wp\/v2\/pages\/65","targetHints":{"allow":["GET"]}}],"collection":[{"href":"https:\/\/www.movimentobloom.org.pt\/pt\/wp-json\/wp\/v2\/pages"}],"about":[{"href":"https:\/\/www.movimentobloom.org.pt\/pt\/wp-json\/wp\/v2\/types\/page"}],"author":[{"embeddable":true,"href":"https:\/\/www.movimentobloom.org.pt\/pt\/wp-json\/wp\/v2\/users\/1"}],"replies":[{"embeddable":true,"href":"https:\/\/www.movimentobloom.org.pt\/pt\/wp-json\/wp\/v2\/comments?post=65"}],"version-history":[{"count":27,"href":"https:\/\/www.movimentobloom.org.pt\/pt\/wp-json\/wp\/v2\/pages\/65\/revisions"}],"predecessor-version":[{"id":4343,"href":"https:\/\/www.movimentobloom.org.pt\/pt\/wp-json\/wp\/v2\/pages\/65\/revisions\/4343"}],"wp:attachment":[{"href":"https:\/\/www.movimentobloom.org.pt\/pt\/wp-json\/wp\/v2\/media?parent=65"}],"curies":[{"name":"wp","href":"https:\/\/api.w.org\/{rel}","templated":true}]}}