{"id":63,"date":"2019-01-08T11:39:47","date_gmt":"2019-01-08T11:39:47","guid":{"rendered":"http:\/\/www.movimentobloom.org.pt\/pt\/?page_id=63"},"modified":"2024-11-08T19:53:51","modified_gmt":"2024-11-08T19:53:51","slug":"escolas-na-floresta","status":"publish","type":"page","link":"https:\/\/www.movimentobloom.org.pt\/pt\/escolas-na-floresta\/","title":{"rendered":"Escolas na Floresta"},"content":{"rendered":"\n<p class=\"has-black-color has-text-color has-medium-font-size\"><strong>A NATUREZA \u00c9 A MELHOR SALA DE AULA!<\/strong> <\/p>\n\n\n\n<p class=\"has-small-font-size\"><strong>PROGRAMA DE EDUCA\u00c7\u00c3O AMBIENTAL<\/strong> dirigido a <strong>PR\u00c9-ESCOLAR, 1\u00ba E 2\u00ba CICLO DO ENSINO B\u00c1SICO<\/strong><\/p>\n\n\n\n<p>O <strong>Movimento Bloom<\/strong>&nbsp;convida as escolas a partirem \u00e0 descoberta das melhores aprendizagens na Natureza.<\/p>\n\n\n\n<p>Oferecemos uma oportunidade \u00fanica para cativar os alunos, promovendo e aprofundando o conhecimento e os temas desenvolvidos na sala de aula, ao mesmo tempo que sensibilizamos para as quest\u00f5es ambientais, fomentando o respeito e o cuidado pelo nosso planeta.<\/p>\n\n\n<div id=\"pl-gb63-69e171c03ac0e\"  class=\"panel-layout\" ><div id=\"pg-gb63-69e171c03ac0e-0\"  class=\"panel-grid panel-has-style\" ><div class=\"siteorigin-panels-stretch panel-row-style panel-row-style-for-gb63-69e171c03ac0e-0\" data-stretch-type=\"full\" ><div id=\"pgc-gb63-69e171c03ac0e-0-0\"  class=\"panel-grid-cell\" ><div id=\"panel-gb63-69e171c03ac0e-0-0-0\" class=\"so-panel widget_sow-headline panel-first-child panel-last-child\" data-index=\"0\" ><div\n\t\t\t\n\t\t\tclass=\"so-widget-sow-headline so-widget-sow-headline-default-e4ea49291671-63\"\n\t\t\t\n\t\t><div class=\"sow-headline-container \">\n\t<h2 class='sow-headline'>DESCUBRA OS NOSSOS PROGRAMAS<\/h2><\/div>\n<\/div><\/div><\/div><\/div><\/div><div id=\"pg-gb63-69e171c03ac0e-1\"  class=\"panel-grid panel-has-style\" ><div class=\"siteorigin-panels-stretch panel-row-style panel-row-style-for-gb63-69e171c03ac0e-1\" data-stretch-type=\"full\" ><div id=\"pgc-gb63-69e171c03ac0e-1-0\"  class=\"panel-grid-cell\" ><div id=\"panel-gb63-69e171c03ac0e-1-0-0\" class=\"so-panel widget_sow-features panel-first-child\" data-index=\"1\" ><div\n\t\t\t\n\t\t\tclass=\"so-widget-sow-features so-widget-sow-features-default-9c923a248893-63\"\n\t\t\t\n\t\t>\n<div class=\"sow-features-list sow-features-responsive\">\n\n\t\t\t\t\t\t\t\t\t<div\n\t\t\t\tclass=\"sow-features-feature sow-icon-container-position-top sow-features-feature-last-row\"\n\t\t\t\tstyle=\"display: flex; flex-direction: column; width: 100%;\"\n\t\t\t>\n\t\t\t\n\t\t\t\t\t\t\t\t<div\n\t\t\t\t\tclass=\"sow-icon-container sow-container-round\"\n\t\t\t\t\tstyle=\"color: #d6ce8b; \"\n\t\t\t\t\ttitle=\"VISITAS \u00c0 FLORESTA\">\n\t\t\t\t\t<div class=\"sow-icon-image\" style=\"background-image: url(https:\/\/www.movimentobloom.org.pt\/pt\/wp-content\/uploads\/2022\/01\/6-1.png); font-size: 60px\"><\/div>\t\t\t\t<\/div>\n\t\t\t\t\n\t\t\t\t<div class=\"textwidget\">\n\t\t\t\t\t\n\t\t\t\t\t\t\t\t\t\t\t<h5>\n\t\t\t\t\t\t\t\n\t\t\t\t\t\t\tVISITAS \u00c0 FLORESTA\t\t\t\t\t\t\t\t\t\t\t\t\t<\/h5>\n\t\t\t\t\t\n\t\t\t\t\t\t\t\t\t\t\t<p>Marque uma visita pontual da sua escola \u00e0 Floresta<\/p>\n\t\t\t\t\t\n\t\t\t\t\t\t\t\t\t<\/div>\n\t\t\t\t\t\t\t\t\n\t\t\t\t\t\t\t\t\t<a\n\t\t\t\t\t\thref=\"https:\/\/www.movimentobloom.org.pt\/pt\/visitas-a-floresta\/\"\n\t\t\t\t\t\ttarget=\"_blank\" rel=\"noopener noreferrer\"\t\t\t\t\t\tclass=\"sow-features-feature-linked-column\"\n\t\t\t\t\t>\n\t\t\t\t\t\t&nbsp;\n\t\t\t\t\t<\/a>\n\t\t\t\t\t\t\t<\/div>\n\n\t\t\t\n<\/div>\n<\/div><\/div><div id=\"panel-gb63-69e171c03ac0e-1-0-1\" class=\"so-panel widget_sow-button panel-last-child\" data-index=\"2\" ><div\n\t\t\t\n\t\t\tclass=\"so-widget-sow-button so-widget-sow-button-flat-2bef7610cfdb-63\"\n\t\t\t\n\t\t><div class=\"ow-button-base ow-button-align-center\">\n\t<a\n\thref=\"https:\/\/www.movimentobloom.org.pt\/pt\/visitas-a-floresta\/\"\n\t\tclass=\"ow-icon-placement-left ow-button-hover\" target=\"_blank\" rel=\"noopener noreferrer\" \t>\n\t\t<span>\n\t\t\t\n\t\t\tSAIBA MAIS\t\t<\/span>\n\t<\/a>\n<\/div>\n<\/div><\/div><\/div><div id=\"pgc-gb63-69e171c03ac0e-1-1\"  class=\"panel-grid-cell\" ><div id=\"panel-gb63-69e171c03ac0e-1-1-0\" class=\"so-panel widget_sow-features panel-first-child\" data-index=\"3\" ><div\n\t\t\t\n\t\t\tclass=\"so-widget-sow-features so-widget-sow-features-default-9c923a248893-63\"\n\t\t\t\n\t\t>\n<div class=\"sow-features-list sow-features-responsive\">\n\n\t\t\t\t\t\t\t\t\t<div\n\t\t\t\tclass=\"sow-features-feature sow-icon-container-position-top sow-features-feature-last-row\"\n\t\t\t\tstyle=\"display: flex; flex-direction: column; width: 100%;\"\n\t\t\t>\n\t\t\t\n\t\t\t\t\t\t\t\t<div\n\t\t\t\t\tclass=\"sow-icon-container sow-container-round\"\n\t\t\t\t\tstyle=\"color: #d6ce8b; \"\n\t\t\t\t\t>\n\t\t\t\t\t<div class=\"sow-icon-image\" style=\"background-image: url(https:\/\/www.movimentobloom.org.pt\/pt\/wp-content\/uploads\/2022\/01\/5.png); font-size: 60px\"><\/div>\t\t\t\t<\/div>\n\t\t\t\t\n\t\t\t\t<div class=\"textwidget\">\n\t\t\t\t\t\n\t\t\t\t\t\t\t\t\t\t\t<h5>\n\t\t\t\t\t\t\t\n\t\t\t\t\t\t\tESCOLA DA FLORESTA BLOOM\t\t\t\t\t\t\t\t\t\t\t\t\t<\/h5>\n\t\t\t\t\t\n\t\t\t\t\t\t\t\t\t\t\t<p>Escola da Floresta Bloom na floresta ou na sua escola<\/p>\n\t\t\t\t\t\n\t\t\t\t\t\t\t\t\t<\/div>\n\t\t\t\t\t\t\t\t\n\t\t\t\t\t\t\t\t\t<a\n\t\t\t\t\t\thref=\"https:\/\/www.movimentobloom.org.pt\/pt\/escola-da-floresta-bloom\/\"\n\t\t\t\t\t\ttarget=\"_blank\" rel=\"noopener noreferrer\"\t\t\t\t\t\tclass=\"sow-features-feature-linked-column\"\n\t\t\t\t\t>\n\t\t\t\t\t\t&nbsp;\n\t\t\t\t\t<\/a>\n\t\t\t\t\t\t\t<\/div>\n\n\t\t\t\n<\/div>\n<\/div><\/div><div id=\"panel-gb63-69e171c03ac0e-1-1-1\" class=\"so-panel widget_sow-button panel-last-child\" data-index=\"4\" ><div\n\t\t\t\n\t\t\tclass=\"so-widget-sow-button so-widget-sow-button-flat-2bef7610cfdb-63\"\n\t\t\t\n\t\t><div class=\"ow-button-base ow-button-align-center\">\n\t<a\n\thref=\"https:\/\/www.movimentobloom.org.pt\/pt\/escola-da-floresta-bloom\/\"\n\t\tclass=\"ow-icon-placement-left ow-button-hover\" target=\"_blank\" rel=\"noopener noreferrer\" \t>\n\t\t<span>\n\t\t\t\n\t\t\tSAIBA MAIS\t\t<\/span>\n\t<\/a>\n<\/div>\n<\/div><\/div><\/div><\/div><\/div><\/div>\n\n\n<br\/>\n\n\n\n<br\/>\n\n\n\n<div class=\"wp-block-gutena-accordion gutena-accordion-block gutena-accordion-block-0110b6-91 is-layout-flow wp-block-accordion-is-layout-flow\" data-single=\"false\">\n<div class=\"wp-block-gutena-accordion-panel gutena-accordion-block__panel\">\n<div class=\"wp-block-gutena-accordion-panel-title gutena-accordion-block__panel-title\"><div class=\"gutena-accordion-block__panel-title-inner\">\n<h6 class=\"wp-block-heading has-text-align-left\" style=\"margin-top:0px;margin-right:0px;margin-bottom:0px;margin-left:0px\"><strong>O QUE FAZEMOS<br><\/strong>Saiba mais sobre este projecto.<\/h6>\n<div class=\"trigger-plus-minus\"><div class=\"horizontal\"><\/div><div class=\"vertical\"><\/div><\/div><\/div><\/div>\n\n\n\n<div class=\"wp-block-gutena-accordion-panel-content gutena-accordion-block__panel-content\"><div class=\"gutena-accordion-block__panel-content-inner\">\n<p class=\"has-medium-font-size\">Oferecemos um conjunto de experi\u00eancias que desencadeiam <strong>uma liga\u00e7\u00e3o directa,<\/strong> <strong>emocional e profunda entre uma crian\u00e7a<\/strong> <strong>e a Natureza<\/strong>, despoletando atitudes de respeito, dedica\u00e7\u00e3o, consci\u00eancia e interven\u00e7\u00e3o e promovendo o gosto pelas quest\u00f5es ambientais e de <strong>Conserva\u00e7\u00e3o da Natureza <\/strong>.<\/p>\n\n\n\n<p class=\"has-medium-font-size\">Ao mesmo tempo, atrav\u00e9s de um processo inspirador, oferecemos \u00e0s crian\u00e7as oportunidades regulares de <strong>aquisi\u00e7\u00e3o de compet\u00eancias f\u00edsico motoras<\/strong> <strong>e s\u00f3cio emocionais<\/strong>, e potenciamos <strong>conhecimentos disciplinares<\/strong> de forma interligada e pr\u00e1tica. Assim, o nosso programa \u00e9 essencialmente l\u00fadico e consiste em <strong>atividades, oficinas e jogos.<\/strong><\/p>\n<\/div><\/div>\n<\/div>\n<\/div>\n\n\n\n<br\/>\n\n\n<div id=\"pl-gb63-69e171c062c43\"  class=\"panel-layout\" ><div id=\"pg-gb63-69e171c062c43-0\"  class=\"panel-grid panel-has-style\" ><div class=\"siteorigin-panels-stretch panel-row-style panel-row-style-for-gb63-69e171c062c43-0\" data-stretch-type=\"full-width-stretch\" ><div id=\"pgc-gb63-69e171c062c43-0-0\"  class=\"panel-grid-cell\" ><div id=\"panel-gb63-69e171c062c43-0-0-0\" class=\"so-panel widget_block panel-first-child panel-last-child\" data-index=\"0\" ><div class=\"font-change panel-widget-style panel-widget-style-for-gb63-69e171c062c43-0-0-0\" ><h1>\u201c O sucesso educacional n\u00e3o \u00e9 mais, basicamente, reproduzir conhecimento, mas sim extrapolar o que conhecemos e aplicar esse conhecimento em situa\u00e7\u00f5es novas.\u201d<\/h1>\n<span>ANDREAS SCHLEICHER<\/span>\n<br\/>Diretor de Educa\u00e7\u00e3o e Compet\u00eancias\ne Conselheiro Especial em Pol\u00edtica de Educa\u00e7\u00e3o do Secret\u00e1rio-Geral da OCDE<br\/>\n<\/div><\/div><\/div><\/div><\/div><\/div>","protected":false},"excerpt":{"rendered":"<p>A NATUREZA \u00c9 A MELHOR SALA DE AULA! PROGRAMA DE EDUCA\u00c7\u00c3O AMBIENTAL dirigido a PR\u00c9-ESCOLAR, 1\u00ba E 2\u00ba CICLO DO ENSINO B\u00c1SICO O Movimento Bloom&nbsp;convida as escolas a partirem \u00e0 descoberta das melhores aprendizagens na Natureza. Oferecemos uma oportunidade \u00fanica para cativar os alunos, promovendo e aprofundando o conhecimento e os temas desenvolvidos na sala <a href=\"https:\/\/www.movimentobloom.org.pt\/pt\/escolas-na-floresta\/\" class=\"read-more\">Continue Reading<i class=\"ion-ios-arrow-right\"><\/i><\/a><\/p>\n","protected":false},"author":1,"featured_media":0,"parent":0,"menu_order":0,"comment_status":"closed","ping_status":"closed","template":"","meta":{"footnotes":""},"class_list":["post-63","page","type-page","status-publish","hentry"],"_links":{"self":[{"href":"https:\/\/www.movimentobloom.org.pt\/pt\/wp-json\/wp\/v2\/pages\/63","targetHints":{"allow":["GET"]}}],"collection":[{"href":"https:\/\/www.movimentobloom.org.pt\/pt\/wp-json\/wp\/v2\/pages"}],"about":[{"href":"https:\/\/www.movimentobloom.org.pt\/pt\/wp-json\/wp\/v2\/types\/page"}],"author":[{"embeddable":true,"href":"https:\/\/www.movimentobloom.org.pt\/pt\/wp-json\/wp\/v2\/users\/1"}],"replies":[{"embeddable":true,"href":"https:\/\/www.movimentobloom.org.pt\/pt\/wp-json\/wp\/v2\/comments?post=63"}],"version-history":[{"count":114,"href":"https:\/\/www.movimentobloom.org.pt\/pt\/wp-json\/wp\/v2\/pages\/63\/revisions"}],"predecessor-version":[{"id":4122,"href":"https:\/\/www.movimentobloom.org.pt\/pt\/wp-json\/wp\/v2\/pages\/63\/revisions\/4122"}],"wp:attachment":[{"href":"https:\/\/www.movimentobloom.org.pt\/pt\/wp-json\/wp\/v2\/media?parent=63"}],"curies":[{"name":"wp","href":"https:\/\/api.w.org\/{rel}","templated":true}]}}