{"id":520,"date":"2019-01-10T15:35:49","date_gmt":"2019-01-10T15:35:49","guid":{"rendered":"http:\/\/www.movimentobloom.org.pt\/pt\/?page_id=520"},"modified":"2026-03-12T12:01:27","modified_gmt":"2026-03-12T12:01:27","slug":"campos-de-ferias","status":"publish","type":"page","link":"https:\/\/www.movimentobloom.org.pt\/pt\/campos-de-ferias\/","title":{"rendered":"Campos de F\u00e9rias"},"content":{"rendered":"\n<p><strong>F\u00c9RIAS NA FLORESTA<\/strong><\/p>\n\n\n\n<p><strong>Parque Natural Sintra Cascais | Segunda a Sexta | 09h30 &#8211; 17h00 <\/strong><\/p>\n\n\n\n<p>F\u00e9rias &#8220;longe&#8221; da cidade, mas mesmo aqui ao lado na m\u00e1gica floresta da <strong>Serra de Sintra<\/strong>. F\u00e9rias que conectam Crian\u00e7as &amp; Natureza, uma liga\u00e7\u00e3o imprescind\u00edvel para que cres\u00e7am mais saud\u00e1veis e conscientes do mundo natural. F\u00e9rias em que os pequenos descobridores desenvolvem a sua confian\u00e7a,  fazem amigos e sujam-se (muito!).<\/p>\n\n\n\n<p><strong>F\u00c9RIAS da P\u00c1SCOA<\/strong> 30 mar\u00e7o a 10 abril | <strong>F\u00c9RIAS de VER\u00c3O<\/strong> 1 a 31 julho | <strong>F\u00c9RIAS de NATAL<\/strong> por confirmar<\/p>\n\n\n\n<br\/>\n\n\n<div\n\t\t\t\n\t\t\tclass=\"so-widget-sow-headline so-widget-sow-headline-default-e79781af550e\"\n\t\t\t\n\t\t><div class=\"sow-headline-container \">\n\t<h2 class='sow-headline'>F\u00c9RIAS da P\u00c1SCOA na FLORESTA<\/h2><h3 class='sow-sub-headline'>\t\t\t\t\t\t<a href=\"https:\/\/docs.google.com\/forms\/d\/e\/1FAIpQLSeY9Nno5e-tBmDxFfDhaMc_gwlJkefMSvMmUFHVTvnDi0ib1A\/viewform?usp=header\" target=\"_blank\" rel=\"noopener noreferrer\">\n\t\t\t\t\tINSCRI\u00c7\u00d5ES ABERTAS<\/a><\/h3><\/div>\n<\/div>\t\t\t\t<style type=\"text\/css\">.so-widget-sow-headline-default-e79781af550e .sow-headline-container h2.sow-headline {\n  \n  text-align: center;\n  color: #d6ce8b;\n  line-height: 1.4em;\n  \n  \n  \n}\n@media (max-width: 780px) {\n  .so-widget-sow-headline-default-e79781af550e .sow-headline-container h2.sow-headline {\n    text-align: center;\n  }\n}\n.so-widget-sow-headline-default-e79781af550e .sow-headline-container h2.sow-headline a {\n  color: #d6ce8b;\n}\n.so-widget-sow-headline-default-e79781af550e .sow-headline-container h3.sow-sub-headline {\n  \n  text-align: center;\n  \n  line-height: 1.4em;\n  \n  \n  \n}\n@media (max-width: 780px) {\n  .so-widget-sow-headline-default-e79781af550e .sow-headline-container h3.sow-sub-headline {\n    text-align: center;\n  }\n}\n.so-widget-sow-headline-default-e79781af550e .sow-headline-container .decoration {\n  line-height: 0em;\n  text-align: center;\n  margin-top: 20px;\n  margin-bottom: 20px;\n}\n@media (max-width: 780px) {\n  .so-widget-sow-headline-default-e79781af550e .sow-headline-container .decoration {\n    text-align: center;\n  }\n}\n.so-widget-sow-headline-default-e79781af550e .sow-headline-container .decoration .decoration-inside {\n  height: 1px;\n  display: inline-block;\n  border-top: 1px none #eeeeee;\n  width: 100%;\n  max-width: 80%;\n}\n.so-widget-sow-headline-default-e79781af550e .sow-headline-container *:first-child {\n  margin-top: 0 !important;\n}\n.so-widget-sow-headline-default-e79781af550e .sow-headline-container *:last-child {\n  margin-bottom: 0 !important;\n}<\/style>\n\t\t\t\t\n\n\n<br\/>\n\n\n\n<br\/>\n\n\n<div id=\"pl-gb520-69f5b749038ac\"  class=\"panel-layout margem-costumizada\" ><div id=\"pg-gb520-69f5b749038ac-0\"  class=\"panel-grid panel-no-style\" ><div id=\"pgc-gb520-69f5b749038ac-0-0\"  class=\"panel-grid-cell\" ><div id=\"panel-gb520-69f5b749038ac-0-0-0\" class=\"so-panel widget_sow-features panel-first-child panel-last-child\" data-index=\"0\" ><div class=\"panel-widget-style panel-widget-style-for-gb520-69f5b749038ac-0-0-0\" ><div\n\t\t\t\n\t\t\tclass=\"so-widget-sow-features so-widget-sow-features-default-ed22b70ca01d-520\"\n\t\t\t\n\t\t>\n<div class=\"sow-features-list sow-features-responsive\">\n\n\t\t\t\t\t\t\t\t\t<div\n\t\t\t\tclass=\"sow-features-feature sow-icon-container-position-top sow-features-feature-last-row\"\n\t\t\t\tstyle=\"display: flex; flex-direction: column; width: 100%;\"\n\t\t\t>\n\t\t\t\n\t\t\t\t\t\t\t\t<div\n\t\t\t\t\tclass=\"sow-icon-container sow-container-round\"\n\t\t\t\t\tstyle=\"color: #ffffff; \"\n\t\t\t\t\ttitle=\"QUANDO?\">\n\t\t\t\t\t<div class=\"sow-icon-image\" style=\"background-image: url(https:\/\/www.movimentobloom.org.pt\/pt\/wp-content\/uploads\/2022\/03\/11.png); font-size: 48px\"><\/div>\t\t\t\t<\/div>\n\t\t\t\t\n\t\t\t\t<div class=\"textwidget\">\n\t\t\t\t\t\n\t\t\t\t\t\t\t\t\t\t\t<h5>\n\t\t\t\t\t\t\t\n\t\t\t\t\t\t\tQUANDO?\t\t\t\t\t\t\t\t\t\t\t\t\t<\/h5>\n\t\t\t\t\t\n\t\t\t\t\t\t\t\t\t\t\t<p style=\"text-align: center;\"><strong>30 mar\u00e7o a 10 abril<\/strong>\n<\/p>\t\t\t\t\t\n\t\t\t\t\t\t\t\t\t<\/div>\n\t\t\t\t\t\t\t\t\n\t\t\t\t\t\t\t<\/div>\n\n\t\t\t\n<\/div>\n<\/div><\/div><\/div><\/div><div id=\"pgc-gb520-69f5b749038ac-0-1\"  class=\"panel-grid-cell\" ><div id=\"panel-gb520-69f5b749038ac-0-1-0\" class=\"so-panel widget_sow-features panel-first-child panel-last-child\" data-index=\"1\" ><div class=\"panel-widget-style panel-widget-style-for-gb520-69f5b749038ac-0-1-0\" ><div\n\t\t\t\n\t\t\tclass=\"so-widget-sow-features so-widget-sow-features-default-ed22b70ca01d-520\"\n\t\t\t\n\t\t>\n<div class=\"sow-features-list sow-features-responsive\">\n\n\t\t\t\t\t\t\t\t\t<div\n\t\t\t\tclass=\"sow-features-feature sow-icon-container-position-top sow-features-feature-last-row\"\n\t\t\t\tstyle=\"display: flex; flex-direction: column; width: 100%;\"\n\t\t\t>\n\t\t\t\n\t\t\t\t\t\t\t\t<div\n\t\t\t\t\tclass=\"sow-icon-container sow-container-round\"\n\t\t\t\t\tstyle=\"color: #ffffff; \"\n\t\t\t\t\ttitle=\"ONDE?\">\n\t\t\t\t\t<div class=\"sow-icon-image\" style=\"background-image: url(https:\/\/www.movimentobloom.org.pt\/pt\/wp-content\/uploads\/2022\/03\/10.png); font-size: 48px\"><\/div>\t\t\t\t<\/div>\n\t\t\t\t\n\t\t\t\t<div class=\"textwidget\">\n\t\t\t\t\t\n\t\t\t\t\t\t\t\t\t\t\t<h5>\n\t\t\t\t\t\t\t\n\t\t\t\t\t\t\tONDE?\t\t\t\t\t\t\t\t\t\t\t\t\t<\/h5>\n\t\t\t\t\t\n\t\t\t\t\t\t\t\t\t\t\t<strong>Parque Natural Sintra-Cascais<\/strong>\t\t\t\t\t\n\t\t\t\t\t\t\t\t\t<\/div>\n\t\t\t\t\t\t\t\t\n\t\t\t\t\t\t\t<\/div>\n\n\t\t\t\n<\/div>\n<\/div><\/div><\/div><\/div><div id=\"pgc-gb520-69f5b749038ac-0-2\"  class=\"panel-grid-cell\" ><div id=\"panel-gb520-69f5b749038ac-0-2-0\" class=\"so-panel widget_sow-features panel-first-child panel-last-child\" data-index=\"2\" ><div class=\"panel-widget-style panel-widget-style-for-gb520-69f5b749038ac-0-2-0\" ><div\n\t\t\t\n\t\t\tclass=\"so-widget-sow-features so-widget-sow-features-default-ed22b70ca01d-520\"\n\t\t\t\n\t\t>\n<div class=\"sow-features-list sow-features-responsive\">\n\n\t\t\t\t\t\t\t\t\t<div\n\t\t\t\tclass=\"sow-features-feature sow-icon-container-position-top sow-features-feature-last-row\"\n\t\t\t\tstyle=\"display: flex; flex-direction: column; width: 100%;\"\n\t\t\t>\n\t\t\t\n\t\t\t\t\t\t\t\t<div\n\t\t\t\t\tclass=\"sow-icon-container sow-container-round\"\n\t\t\t\t\tstyle=\"color: #ffffff; \"\n\t\t\t\t\ttitle=\"IDADES?\">\n\t\t\t\t\t<div class=\"sow-icon-image\" style=\"background-image: url(https:\/\/www.movimentobloom.org.pt\/pt\/wp-content\/uploads\/2022\/03\/14.png); font-size: 48px\"><\/div>\t\t\t\t<\/div>\n\t\t\t\t\n\t\t\t\t<div class=\"textwidget\">\n\t\t\t\t\t\n\t\t\t\t\t\t\t\t\t\t\t<h5>\n\t\t\t\t\t\t\t\n\t\t\t\t\t\t\tIDADES?\t\t\t\t\t\t\t\t\t\t\t\t\t<\/h5>\n\t\t\t\t\t\n\t\t\t\t\t\t\t\t\t\t\tCrian\u00e7as<p>\n\n<strong>dos 6 aos 12 anos<\/strong><\/p><p><\/p>\t\t\t\t\t\n\t\t\t\t\t\t\t\t\t<\/div>\n\t\t\t\t\t\t\t\t\n\t\t\t\t\t\t\t<\/div>\n\n\t\t\t\n<\/div>\n<\/div><\/div><\/div><\/div><div id=\"pgc-gb520-69f5b749038ac-0-3\"  class=\"panel-grid-cell\" ><div id=\"panel-gb520-69f5b749038ac-0-3-0\" class=\"so-panel widget_sow-features panel-first-child panel-last-child\" data-index=\"3\" ><div class=\"panel-widget-style panel-widget-style-for-gb520-69f5b749038ac-0-3-0\" ><div\n\t\t\t\n\t\t\tclass=\"so-widget-sow-features so-widget-sow-features-default-ed22b70ca01d-520\"\n\t\t\t\n\t\t>\n<div class=\"sow-features-list sow-features-responsive\">\n\n\t\t\t\t\t\t\t\t\t<div\n\t\t\t\tclass=\"sow-features-feature sow-icon-container-position-top sow-features-feature-last-row\"\n\t\t\t\tstyle=\"display: flex; flex-direction: column; width: 100%;\"\n\t\t\t>\n\t\t\t\n\t\t\t\t\t\t\t\t<div\n\t\t\t\t\tclass=\"sow-icon-container sow-container-round\"\n\t\t\t\t\tstyle=\"color: #ffffff; \"\n\t\t\t\t\ttitle=\"VALORES?\">\n\t\t\t\t\t<div class=\"sow-icon-image\" style=\"background-image: url(https:\/\/www.movimentobloom.org.pt\/pt\/wp-content\/uploads\/2022\/03\/13.png); font-size: 48px\"><\/div>\t\t\t\t<\/div>\n\t\t\t\t\n\t\t\t\t<div class=\"textwidget\">\n\t\t\t\t\t\n\t\t\t\t\t\t\t\t\t\t\t<h5>\n\t\t\t\t\t\t\t\n\t\t\t\t\t\t\tVALORES?\t\t\t\t\t\t\t\t\t\t\t\t\t<\/h5>\n\t\t\t\t\t\n\t\t\t\t\t\t\t\t\t\t\t<div style=\"text-align: center;\">\n\n<p><b>140\u20ac por semana<\/b><\/p><p>\n<\/p><p><b>desconto para irm\u00e3os<\/b><\/p><p>\n<\/p><p>seguro inclu\u00eddo<\/p><p>\n<\/p><p>alimenta\u00e7\u00e3o n\u00e3o inclu\u00edda<\/p><p>\n\n<\/p><\/div>\t\t\t\t\t\n\t\t\t\t\t\t\t\t\t<\/div>\n\t\t\t\t\t\t\t\t\n\t\t\t\t\t\t\t<\/div>\n\n\t\t\t\n<\/div>\n<\/div><\/div><\/div><\/div><\/div><div id=\"pg-gb520-69f5b749038ac-1\"  class=\"panel-grid panel-no-style\" ><div id=\"pgc-gb520-69f5b749038ac-1-0\"  class=\"panel-grid-cell\" ><div id=\"panel-gb520-69f5b749038ac-1-0-0\" class=\"so-panel widget_siteorigin-panels-builder panel-first-child panel-last-child\" data-index=\"4\" ><div class=\"panel-widget-style panel-widget-style-for-gb520-69f5b749038ac-1-0-0\" ><div id=\"pl-w69b2ab11bca06\"  class=\"panel-layout margem-costumizada\" ><div id=\"pg-w69b2ab11bca06-0\"  class=\"panel-grid panel-has-style\" ><div class=\"siteorigin-panels-stretch panel-row-style panel-row-style-for-w69b2ab11bca06-0\" data-stretch-type=\"full\" ><div id=\"pgc-w69b2ab11bca06-0-0\"  class=\"panel-grid-cell\" ><div id=\"panel-w69b2ab11bca06-0-0-0\" class=\"so-panel widget_sow-headline panel-first-child\" data-index=\"0\" ><div class=\"panel-widget-style panel-widget-style-for-w69b2ab11bca06-0-0-0\" ><div\n\t\t\t\n\t\t\tclass=\"so-widget-sow-headline so-widget-sow-headline-default-79542f5222f9\"\n\t\t\t\n\t\t><div class=\"sow-headline-container \">\n\t<h3 class='sow-headline'>F\u00c9RIAS NA FLORESTA<\/h3><\/div>\n<\/div><\/div><\/div><div id=\"panel-w69b2ab11bca06-0-0-1\" class=\"so-panel widget_sow-button panel-last-child\" data-index=\"1\" ><div class=\"panel-widget-style panel-widget-style-for-w69b2ab11bca06-0-0-1\" ><div\n\t\t\t\n\t\t\tclass=\"so-widget-sow-button so-widget-sow-button-flat-794bc9b99f0b\"\n\t\t\t\n\t\t><div class=\"ow-button-base ow-button-align-center\">\n\t<a\n\thref=\"https:\/\/docs.google.com\/forms\/d\/e\/1FAIpQLSeY9Nno5e-tBmDxFfDhaMc_gwlJkefMSvMmUFHVTvnDi0ib1A\/viewform?usp=header\"\n\t\tclass=\"ow-icon-placement-left ow-button-hover\" target=\"_blank\" rel=\"noopener noreferrer\" \t>\n\t\t<span>\n\t\t\t\n\t\t\tINSCRI\u00c7\u00d5ES ABERTAS\t\t<\/span>\n\t<\/a>\n<\/div>\n<\/div><\/div><\/div><\/div><\/div><\/div><\/div><\/div><\/div><\/div><\/div><\/div>\n\n\n<p><strong>Cada temporada tem um programa especial,<\/strong> repleto de atividades, oficinas e jogos muito divertidos que estimulam a curiosidade, a criatividade e o amor pela Natureza. Mas tamb\u00e9m h\u00e1 um tempo s\u00f3 para contemplar e apreciar. As crian\u00e7as aprendem a explorar os sentidos, a expressar criatividade, observar os fen\u00f3menos naturais, reconhecer os sons da floresta e os seus animais, trepar \u00e0s \u00e1rvores, construir abrigos, seguir trilhos e muito mais!<\/p>\n\n\n\n<p><em>N\u00ba Registo 454\/DRLVT &#8211; Instituto Portugu\u00eas do Desporto e Juventude, I.P.<\/em><\/p>\n\n\n\n<p>A inscri\u00e7\u00e3o pressup\u00f5e a aceita\u00e7\u00e3o do Regulamento Interno. Pode consultar aqui clicando nos links abaixo.<\/p>\n\n\n\n<p class=\"has-text-align-center\" style=\"font-size:15px\"><a rel=\"noreferrer noopener\" href=\"http:\/\/www.movimentobloom.org.pt\/pt\/wp-content\/uploads\/2021\/08\/MoviBloom_Regulamento-Interno_Campos-F\u00e9rias_20212-2.pdf\" target=\"_blank\"><strong>Regulamento interno<\/strong><\/a><\/p>\n\n\n\n<p class=\"has-text-align-center\" style=\"font-size:15px\"><a href=\"http:\/\/www.movimentobloom.org.pt\/pt\/wp-content\/uploads\/2021\/08\/MoviBloom_ProjetoPedagogico-1.pdf\"><strong>Projeto Pedag\u00f3gico<\/strong><\/a><\/p>\n\n\n\n<figure class=\"wp-block-gallery has-nested-images columns-0 is-cropped wp-block-gallery-1 is-layout-flex wp-block-gallery-is-layout-flex\">\n<figure class=\"wp-block-image size-large\"><img loading=\"lazy\" decoding=\"async\" width=\"1024\" height=\"1024\" data-id=\"1531\" src=\"http:\/\/www.movimentobloom.org.pt\/pt\/wp-content\/uploads\/2020\/08\/1-1024x1024.jpg\" alt=\"Crian\u00e7a a brincar na floresta\" class=\"wp-image-1531\" srcset=\"https:\/\/www.movimentobloom.org.pt\/pt\/wp-content\/uploads\/2020\/08\/1-1024x1024.jpg 1024w, https:\/\/www.movimentobloom.org.pt\/pt\/wp-content\/uploads\/2020\/08\/1-150x150.jpg 150w, https:\/\/www.movimentobloom.org.pt\/pt\/wp-content\/uploads\/2020\/08\/1-300x300.jpg 300w, https:\/\/www.movimentobloom.org.pt\/pt\/wp-content\/uploads\/2020\/08\/1-768x768.jpg 768w, https:\/\/www.movimentobloom.org.pt\/pt\/wp-content\/uploads\/2020\/08\/1.jpg 1080w\" sizes=\"auto, (max-width: 1024px) 100vw, 1024px\" \/><\/figure>\n\n\n\n<figure class=\"wp-block-image size-large\"><img loading=\"lazy\" decoding=\"async\" width=\"1024\" height=\"1024\" data-id=\"1532\" src=\"http:\/\/www.movimentobloom.org.pt\/pt\/wp-content\/uploads\/2020\/08\/2-1024x1024.jpg\" alt=\"Crian\u00e7a a brincar na floresta\" class=\"wp-image-1532\" srcset=\"https:\/\/www.movimentobloom.org.pt\/pt\/wp-content\/uploads\/2020\/08\/2-1024x1024.jpg 1024w, https:\/\/www.movimentobloom.org.pt\/pt\/wp-content\/uploads\/2020\/08\/2-150x150.jpg 150w, https:\/\/www.movimentobloom.org.pt\/pt\/wp-content\/uploads\/2020\/08\/2-300x300.jpg 300w, https:\/\/www.movimentobloom.org.pt\/pt\/wp-content\/uploads\/2020\/08\/2-768x768.jpg 768w, https:\/\/www.movimentobloom.org.pt\/pt\/wp-content\/uploads\/2020\/08\/2.jpg 1080w\" sizes=\"auto, (max-width: 1024px) 100vw, 1024px\" \/><\/figure>\n\n\n\n<figure class=\"wp-block-image size-large\"><img loading=\"lazy\" decoding=\"async\" width=\"1024\" height=\"1024\" data-id=\"1533\" src=\"http:\/\/www.movimentobloom.org.pt\/pt\/wp-content\/uploads\/2020\/08\/3-1024x1024.jpg\" alt=\"Crian\u00e7a a brincar na floresta\" class=\"wp-image-1533\" srcset=\"https:\/\/www.movimentobloom.org.pt\/pt\/wp-content\/uploads\/2020\/08\/3-1024x1024.jpg 1024w, https:\/\/www.movimentobloom.org.pt\/pt\/wp-content\/uploads\/2020\/08\/3-150x150.jpg 150w, https:\/\/www.movimentobloom.org.pt\/pt\/wp-content\/uploads\/2020\/08\/3-300x300.jpg 300w, https:\/\/www.movimentobloom.org.pt\/pt\/wp-content\/uploads\/2020\/08\/3-768x768.jpg 768w, https:\/\/www.movimentobloom.org.pt\/pt\/wp-content\/uploads\/2020\/08\/3.jpg 1080w\" sizes=\"auto, (max-width: 1024px) 100vw, 1024px\" \/><\/figure>\n\n\n\n<figure class=\"wp-block-image size-large\"><img loading=\"lazy\" decoding=\"async\" width=\"1080\" height=\"1080\" data-id=\"1534\" src=\"http:\/\/www.movimentobloom.org.pt\/pt\/wp-content\/uploads\/2020\/08\/4-1024x1024.jpg\" alt=\"Crian\u00e7a a brincar na floresta\" class=\"wp-image-1534\" srcset=\"https:\/\/www.movimentobloom.org.pt\/pt\/wp-content\/uploads\/2020\/08\/4-1024x1024.jpg 1024w, https:\/\/www.movimentobloom.org.pt\/pt\/wp-content\/uploads\/2020\/08\/4-150x150.jpg 150w, https:\/\/www.movimentobloom.org.pt\/pt\/wp-content\/uploads\/2020\/08\/4-300x300.jpg 300w, https:\/\/www.movimentobloom.org.pt\/pt\/wp-content\/uploads\/2020\/08\/4-768x768.jpg 768w, https:\/\/www.movimentobloom.org.pt\/pt\/wp-content\/uploads\/2020\/08\/4.jpg 1080w\" sizes=\"auto, (max-width: 1080px) 100vw, 1080px\" \/><\/figure>\n\n\n\n<figure class=\"wp-block-image size-large\"><img loading=\"lazy\" decoding=\"async\" width=\"1024\" height=\"1024\" data-id=\"1535\" src=\"http:\/\/www.movimentobloom.org.pt\/pt\/wp-content\/uploads\/2020\/08\/5-1024x1024.jpg\" alt=\"Crian\u00e7a a brincar na floresta\" class=\"wp-image-1535\" srcset=\"https:\/\/www.movimentobloom.org.pt\/pt\/wp-content\/uploads\/2020\/08\/5-1024x1024.jpg 1024w, https:\/\/www.movimentobloom.org.pt\/pt\/wp-content\/uploads\/2020\/08\/5-150x150.jpg 150w, https:\/\/www.movimentobloom.org.pt\/pt\/wp-content\/uploads\/2020\/08\/5-300x300.jpg 300w, https:\/\/www.movimentobloom.org.pt\/pt\/wp-content\/uploads\/2020\/08\/5-768x768.jpg 768w, https:\/\/www.movimentobloom.org.pt\/pt\/wp-content\/uploads\/2020\/08\/5.jpg 1080w\" sizes=\"auto, (max-width: 1024px) 100vw, 1024px\" \/><\/figure>\n\n\n\n<figure class=\"wp-block-image size-large\"><img loading=\"lazy\" decoding=\"async\" width=\"1024\" height=\"1024\" data-id=\"1536\" src=\"http:\/\/www.movimentobloom.org.pt\/pt\/wp-content\/uploads\/2020\/08\/6-1024x1024.jpg\" alt=\"Crian\u00e7a a brincar na floresta\" class=\"wp-image-1536\" srcset=\"https:\/\/www.movimentobloom.org.pt\/pt\/wp-content\/uploads\/2020\/08\/6-1024x1024.jpg 1024w, https:\/\/www.movimentobloom.org.pt\/pt\/wp-content\/uploads\/2020\/08\/6-150x150.jpg 150w, https:\/\/www.movimentobloom.org.pt\/pt\/wp-content\/uploads\/2020\/08\/6-300x300.jpg 300w, https:\/\/www.movimentobloom.org.pt\/pt\/wp-content\/uploads\/2020\/08\/6-768x768.jpg 768w, https:\/\/www.movimentobloom.org.pt\/pt\/wp-content\/uploads\/2020\/08\/6.jpg 1080w\" sizes=\"auto, (max-width: 1024px) 100vw, 1024px\" \/><\/figure>\n\n\n\n<figure class=\"wp-block-image size-large\"><img loading=\"lazy\" decoding=\"async\" width=\"1024\" height=\"1024\" data-id=\"1537\" src=\"http:\/\/www.movimentobloom.org.pt\/pt\/wp-content\/uploads\/2020\/08\/7-1024x1024.jpg\" alt=\"Crian\u00e7a a brincar na floresta\" class=\"wp-image-1537\" srcset=\"https:\/\/www.movimentobloom.org.pt\/pt\/wp-content\/uploads\/2020\/08\/7-1024x1024.jpg 1024w, https:\/\/www.movimentobloom.org.pt\/pt\/wp-content\/uploads\/2020\/08\/7-150x150.jpg 150w, https:\/\/www.movimentobloom.org.pt\/pt\/wp-content\/uploads\/2020\/08\/7-300x300.jpg 300w, https:\/\/www.movimentobloom.org.pt\/pt\/wp-content\/uploads\/2020\/08\/7-768x768.jpg 768w, https:\/\/www.movimentobloom.org.pt\/pt\/wp-content\/uploads\/2020\/08\/7.jpg 1080w\" sizes=\"auto, (max-width: 1024px) 100vw, 1024px\" \/><\/figure>\n<\/figure>\n\n\n<div class=\"wp-block-image is-resized\">\n<figure class=\"aligncenter\"><img loading=\"lazy\" decoding=\"async\" width=\"107\" height=\"132\" src=\"http:\/\/www.movimentobloom.org.pt\/pt\/wp-content\/uploads\/2019\/01\/mushroom.png\" alt=\"\" class=\"wp-image-641\"\/><\/figure><\/div>","protected":false},"excerpt":{"rendered":"<p>F\u00c9RIAS NA FLORESTA Parque Natural Sintra Cascais | Segunda a Sexta | 09h30 &#8211; 17h00 F\u00e9rias &#8220;longe&#8221; da cidade, mas mesmo aqui ao lado na m\u00e1gica floresta da Serra de Sintra. F\u00e9rias que conectam Crian\u00e7as &amp; Natureza, uma liga\u00e7\u00e3o imprescind\u00edvel para que cres\u00e7am mais saud\u00e1veis e conscientes do mundo natural. F\u00e9rias em que os pequenos <a href=\"https:\/\/www.movimentobloom.org.pt\/pt\/campos-de-ferias\/\" class=\"read-more\">Continue Reading<i class=\"ion-ios-arrow-right\"><\/i><\/a><\/p>\n","protected":false},"author":2,"featured_media":0,"parent":0,"menu_order":0,"comment_status":"closed","ping_status":"closed","template":"","meta":{"footnotes":""},"class_list":["post-520","page","type-page","status-publish","hentry"],"_links":{"self":[{"href":"https:\/\/www.movimentobloom.org.pt\/pt\/wp-json\/wp\/v2\/pages\/520","targetHints":{"allow":["GET"]}}],"collection":[{"href":"https:\/\/www.movimentobloom.org.pt\/pt\/wp-json\/wp\/v2\/pages"}],"about":[{"href":"https:\/\/www.movimentobloom.org.pt\/pt\/wp-json\/wp\/v2\/types\/page"}],"author":[{"embeddable":true,"href":"https:\/\/www.movimentobloom.org.pt\/pt\/wp-json\/wp\/v2\/users\/2"}],"replies":[{"embeddable":true,"href":"https:\/\/www.movimentobloom.org.pt\/pt\/wp-json\/wp\/v2\/comments?post=520"}],"version-history":[{"count":311,"href":"https:\/\/www.movimentobloom.org.pt\/pt\/wp-json\/wp\/v2\/pages\/520\/revisions"}],"predecessor-version":[{"id":4449,"href":"https:\/\/www.movimentobloom.org.pt\/pt\/wp-json\/wp\/v2\/pages\/520\/revisions\/4449"}],"wp:attachment":[{"href":"https:\/\/www.movimentobloom.org.pt\/pt\/wp-json\/wp\/v2\/media?parent=520"}],"curies":[{"name":"wp","href":"https:\/\/api.w.org\/{rel}","templated":true}]}}