{"id":484,"date":"2019-01-09T17:05:01","date_gmt":"2019-01-09T17:05:01","guid":{"rendered":"http:\/\/www.movimentobloom.org.pt\/pt\/?page_id=484"},"modified":"2026-01-22T11:43:05","modified_gmt":"2026-01-22T11:43:05","slug":"familias","status":"publish","type":"page","link":"https:\/\/www.movimentobloom.org.pt\/pt\/familias\/","title":{"rendered":"Fam\u00edlias"},"content":{"rendered":"\n<p><strong>PROGRAMA<\/strong> <strong>FAM\u00cdLIAS NA FLORESTA<\/strong><\/p>\n\n\n\n<p><strong>S\u00e1bados, 10h30 &#8211; 12h30<\/strong><\/p>\n\n\n\n<p>O Movimento Bloom organiza atividades para fam\u00edlias em Cascais e Sintra. \u00c9 uma oportunidade \u00fanica para as fam\u00edlias partirem \u00e0 descoberta da sua natureza.<\/p>\n\n\n<div id=\"pl-gb484-69f1ab60b5111\"  class=\"panel-layout\" ><div id=\"pg-gb484-69f1ab60b5111-0\"  class=\"panel-grid panel-no-style\" ><div id=\"pgc-gb484-69f1ab60b5111-0-0\"  class=\"panel-grid-cell\" ><div id=\"panel-gb484-69f1ab60b5111-0-0-0\" class=\"so-panel widget_sow-headline panel-first-child panel-last-child\" data-index=\"0\" ><div\n\t\t\t\n\t\t\tclass=\"so-widget-sow-headline so-widget-sow-headline-default-a1c71f5c50c1-484\"\n\t\t\t\n\t\t><div class=\"sow-headline-container \">\n\t<h2 class='sow-headline'>\u201cNada tirar excepto fotos, nada deixar sen\u00e3o as pegadas, nada matar a n\u00e3o ser o tempo.\u201d<\/h2>\t\t\t\t\t<div class=\"decoration\">\n\t\t\t\t\t\t<div class=\"decoration-inside\"><\/div>\n\t\t\t\t\t<\/div>\n\t\t\t\t\t<\/div>\n<\/div><\/div><\/div><\/div><\/div>\n\n\n<p>Aqui h\u00e1 tempo e lugar para passear, correr, trepar, jogar, dar asas \u00e0 criatividade, construir abrigos ou criar obras de arte com elementos naturais.<\/p>\n\n\n\n<p>As sess\u00f5es incluem atividades da Sharing Nature\u00ae, segundo a metodologia de aprendizagem\u00a0<strong><em>Flow Learning<\/em><\/strong><em>\u2122<\/em>, permitindo por meio do brincar, que os participantes aprofundem as rela\u00e7\u00f5es consigo pr\u00f3prios, com as outras pessoas e com o mundo natural. <\/p>\n\n\n\n<p>Dinamizamos <strong>jogos simples, divertidos e impactantes<\/strong> que fomentam a <strong>intera\u00e7\u00e3o parental, a cumplicidade, a valoriza\u00e7\u00e3o e o respeito pelos outros e pela biodiversidade<\/strong>.<\/p>\n\n\n\n<br \/><br \/>\n<p class=\"has-text-align-center\"><strong>PROGRAMA QUINTA DO PIS\u00c3O | CASCAIS<\/strong><\/p>\n<br \/><br \/>\n\n\n<div id=\"pl-gb484-69f1ab60bb87c\"  class=\"panel-layout\" ><div id=\"pg-gb484-69f1ab60bb87c-0\"  class=\"panel-grid panel-no-style\" ><div id=\"pgc-gb484-69f1ab60bb87c-0-0\"  class=\"panel-grid-cell\" ><div id=\"panel-gb484-69f1ab60bb87c-0-0-0\" class=\"so-panel widget_sow-features panel-first-child panel-last-child\" data-index=\"0\" ><div\n\t\t\t\n\t\t\tclass=\"so-widget-sow-features so-widget-sow-features-default-6b01d85806c4-484\"\n\t\t\t\n\t\t>\n<div class=\"sow-features-list sow-features-responsive\">\n\n\t\t\t\t\t\t\t\t\t<div\n\t\t\t\tclass=\"sow-features-feature sow-icon-container-position-top sow-features-feature-last-row\"\n\t\t\t\tstyle=\"display: flex; flex-direction: column; width: 100%;\"\n\t\t\t>\n\t\t\t\n\t\t\t\t\t\t\t\t<div\n\t\t\t\t\tclass=\"sow-icon-container sow-container-round\"\n\t\t\t\t\tstyle=\"color: #ffffff; \"\n\t\t\t\t\ttitle=\"Quando?\">\n\t\t\t\t\t<div class=\"sow-icon-image\" style=\"background-image: url(https:\/\/www.movimentobloom.org.pt\/pt\/wp-content\/uploads\/2022\/03\/11.png); font-size: 48px\"><\/div>\t\t\t\t<\/div>\n\t\t\t\t\n\t\t\t\t<div class=\"textwidget\">\n\t\t\t\t\t\n\t\t\t\t\t\t\t\t\t\t\t<h5>\n\t\t\t\t\t\t\t\n\t\t\t\t\t\t\tQUANDO?\t\t\t\t\t\t\t\t\t\t\t\t\t<\/h5>\n\t\t\t\t\t\n\t\t\t\t\t\t\t\t\t\t\tCelebra\u00e7\u00e3o da Floresta \n\n<strong>15 de Mar\u00e7o<\/strong>\n\nCelebra\u00e7\u00e3o da Fam\u00edlia\n\n<strong>10 maio<\/strong>\n\nCelebra\u00e7\u00e3o da Sustentabilidade\n\n<strong>27 setembro<\/strong>\n\nCelebra\u00e7\u00e3o da Floresta aut\u00f3ctone\n\n<strong>22 novembro<\/strong>\t\t\t\t\t\n\t\t\t\t\t\t\t\t\t<\/div>\n\t\t\t\t\t\t\t\t\n\t\t\t\t\t\t\t<\/div>\n\n\t\t\t\n<\/div>\n<\/div><\/div><\/div><div id=\"pgc-gb484-69f1ab60bb87c-0-1\"  class=\"panel-grid-cell\" ><div id=\"panel-gb484-69f1ab60bb87c-0-1-0\" class=\"so-panel widget_sow-features panel-first-child panel-last-child\" data-index=\"1\" ><div\n\t\t\t\n\t\t\tclass=\"so-widget-sow-features so-widget-sow-features-default-6b01d85806c4-484\"\n\t\t\t\n\t\t>\n<div class=\"sow-features-list sow-features-responsive\">\n\n\t\t\t\t\t\t\t\t\t<div\n\t\t\t\tclass=\"sow-features-feature sow-icon-container-position-top sow-features-feature-last-row\"\n\t\t\t\tstyle=\"display: flex; flex-direction: column; width: 100%;\"\n\t\t\t>\n\t\t\t\n\t\t\t\t\t\t\t\t<div\n\t\t\t\t\tclass=\"sow-icon-container sow-container-round\"\n\t\t\t\t\tstyle=\"color: #ffffff; \"\n\t\t\t\t\ttitle=\"ONDE?\">\n\t\t\t\t\t<div class=\"sow-icon-image\" style=\"background-image: url(https:\/\/www.movimentobloom.org.pt\/pt\/wp-content\/uploads\/2022\/03\/10.png); font-size: 48px\"><\/div>\t\t\t\t<\/div>\n\t\t\t\t\n\t\t\t\t<div class=\"textwidget\">\n\t\t\t\t\t\n\t\t\t\t\t\t\t\t\t\t\t<h5>\n\t\t\t\t\t\t\t\n\t\t\t\t\t\t\tONDE?\t\t\t\t\t\t\t\t\t\t\t\t\t<\/h5>\n\t\t\t\t\t\n\t\t\t\t\t\t\t\t\t\t\t<strong>Quinta do Pis\u00e3o<\/strong><p>\nParque Natural Sintra-Cascais<\/p>\t\t\t\t\t\n\t\t\t\t\t\t\t\t\t<\/div>\n\t\t\t\t\t\t\t\t\n\t\t\t\t\t\t\t<\/div>\n\n\t\t\t\n<\/div>\n<\/div><\/div><\/div><div id=\"pgc-gb484-69f1ab60bb87c-0-2\"  class=\"panel-grid-cell\" ><div id=\"panel-gb484-69f1ab60bb87c-0-2-0\" class=\"so-panel widget_sow-features panel-first-child panel-last-child\" data-index=\"2\" ><div\n\t\t\t\n\t\t\tclass=\"so-widget-sow-features so-widget-sow-features-default-558b997c0df1-484\"\n\t\t\t\n\t\t>\n<div class=\"sow-features-list sow-features-responsive\">\n\n\t\t\t\t\t\t\t\t\t<div\n\t\t\t\tclass=\"sow-features-feature sow-icon-container-position-top sow-features-feature-last-row\"\n\t\t\t\tstyle=\"display: flex; flex-direction: column; width: 100%;\"\n\t\t\t>\n\t\t\t\n\t\t\t\t\t\t\t\t<div\n\t\t\t\t\tclass=\"sow-icon-container sow-container-round\"\n\t\t\t\t\tstyle=\"color: #ffffff; \"\n\t\t\t\t\ttitle=\"QUEM?\">\n\t\t\t\t\t<div class=\"sow-icon-image\" style=\"background-image: url(https:\/\/www.movimentobloom.org.pt\/pt\/wp-content\/uploads\/2022\/03\/14.png); font-size: 48px\"><\/div>\t\t\t\t<\/div>\n\t\t\t\t\n\t\t\t\t<div class=\"textwidget\">\n\t\t\t\t\t\n\t\t\t\t\t\t\t\t\t\t\t<h5>\n\t\t\t\t\t\t\t\n\t\t\t\t\t\t\tQUEM?\t\t\t\t\t\t\t\t\t\t\t\t\t<\/h5>\n\t\t\t\t\t\n\t\t\t\t\t\t\t\t\t\t\tTodas as idades s\u00e3o bem vindas, por isso recebemos fam\u00edlias com crian\u00e7as mais novas, mas as atividades est\u00e3o pensadas para <strong>Crian\u00e7as a partir dos 4 anos<\/strong>\t\t\t\t\t\n\t\t\t\t\t\t\t\t\t<\/div>\n\t\t\t\t\t\t\t\t\n\t\t\t\t\t\t\t<\/div>\n\n\t\t\t\n<\/div>\n<\/div><\/div><\/div><div id=\"pgc-gb484-69f1ab60bb87c-0-3\"  class=\"panel-grid-cell\" ><div id=\"panel-gb484-69f1ab60bb87c-0-3-0\" class=\"so-panel widget_sow-features panel-first-child panel-last-child\" data-index=\"3\" ><div\n\t\t\t\n\t\t\tclass=\"so-widget-sow-features so-widget-sow-features-default-ed22b70ca01d-484\"\n\t\t\t\n\t\t>\n<div class=\"sow-features-list sow-features-responsive\">\n\n\t\t\t\t\t\t\t\t\t<div\n\t\t\t\tclass=\"sow-features-feature sow-icon-container-position-top sow-features-feature-last-row\"\n\t\t\t\tstyle=\"display: flex; flex-direction: column; width: 100%;\"\n\t\t\t>\n\t\t\t\n\t\t\t\t\t\t\t\t<div\n\t\t\t\t\tclass=\"sow-icon-container sow-container-round\"\n\t\t\t\t\tstyle=\"color: #ffffff; \"\n\t\t\t\t\ttitle=\"VALORES?\">\n\t\t\t\t\t<div class=\"sow-icon-image\" style=\"background-image: url(https:\/\/www.movimentobloom.org.pt\/pt\/wp-content\/uploads\/2022\/03\/13.png); font-size: 48px\"><\/div>\t\t\t\t<\/div>\n\t\t\t\t\n\t\t\t\t<div class=\"textwidget\">\n\t\t\t\t\t\n\t\t\t\t\t\t\t\t\t\t\t<h5>\n\t\t\t\t\t\t\t\n\t\t\t\t\t\t\tVALORES?\t\t\t\t\t\t\t\t\t\t\t\t\t<\/h5>\n\t\t\t\t\t\n\t\t\t\t\t\t\t\t\t\t\t<strong>10\u20ac\npor participante<\/strong><p>\na partir dos 4 anos<\/p>\t\t\t\t\t\n\t\t\t\t\t\t\t\t\t<\/div>\n\t\t\t\t\t\t\t\t\n\t\t\t\t\t\t\t<\/div>\n\n\t\t\t\n<\/div>\n<\/div><\/div><\/div><\/div><\/div>\n\n<div id=\"pl-gb484-69f1ab60c037e\"  class=\"panel-layout\" ><div id=\"pg-gb484-69f1ab60c037e-0\"  class=\"panel-grid panel-no-style\" ><div id=\"pgc-gb484-69f1ab60c037e-0-0\"  class=\"panel-grid-cell\" ><div id=\"panel-gb484-69f1ab60c037e-0-0-0\" class=\"so-panel widget_siteorigin-panels-builder panel-first-child panel-last-child\" data-index=\"0\" ><div id=\"pl-w679a66b695389\"  class=\"panel-layout\" ><div id=\"pg-w679a66b695389-0\"  class=\"panel-grid panel-no-style\" ><div id=\"pgc-w679a66b695389-0-0\"  class=\"panel-grid-cell\" ><div id=\"panel-w679a66b695389-0-0-0\" class=\"so-panel widget_sow-button panel-first-child panel-last-child\" data-index=\"0\" ><div class=\"panel-widget-style panel-widget-style-for-w679a66b695389-0-0-0\" ><div\n\t\t\t\n\t\t\tclass=\"so-widget-sow-button so-widget-sow-button-flat-161c03709bdd\"\n\t\t\t\n\t\t><div class=\"ow-button-base ow-button-align-center\">\n\t<a\n\thref=\"https:\/\/gateway.ifthenpay.com\/url\/7NwGhrxMQT\"\n\t\tclass=\"ow-icon-placement-left ow-button-hover\" target=\"_blank\" rel=\"noopener noreferrer\" \t>\n\t\t<span>\n\t\t\t\n\t\t\tINSCRI\u00c7\u00d5ES AQUI\t\t<\/span>\n\t<\/a>\n<\/div>\n<\/div><\/div><\/div><\/div><\/div><\/div><\/div><\/div><\/div><\/div>\n\n\n<div class=\"wp-block-jetpack-tiled-gallery aligncenter is-style-rectangular\"><div class=\"tiled-gallery__gallery\"><div class=\"tiled-gallery__row\"><div class=\"tiled-gallery__col\" style=\"flex-basis:100.00000%\"><figure class=\"tiled-gallery__item\"><img decoding=\"async\" alt=\"\" data-height=\"768\" data-id=\"790\" data-link=\"https:\/\/www.movimentobloom.org.pt\/pt\/familias\/publico1\/\" data-url=\"http:\/\/www.movimentobloom.org.pt\/pt\/wp-content\/uploads\/2019\/04\/publico1-1024x768.jpg\" data-width=\"1024\" src=\"https:\/\/i0.wp.com\/www.movimentobloom.org.pt\/pt\/wp-content\/uploads\/2019\/04\/publico1-1024x768.jpg\" data-amp-layout=\"responsive\"\/><\/figure><\/div><\/div><\/div><\/div>\n\n\n<div class=\"wp-block-image\">\n<figure class=\"aligncenter is-resized\"><img loading=\"lazy\" decoding=\"async\" width=\"107\" height=\"132\" src=\"http:\/\/www.movimentobloom.org.pt\/pt\/wp-content\/uploads\/2019\/01\/mushroom.png\" alt=\"\" class=\"wp-image-641\" style=\"width:73px;height:91px\"\/><\/figure><\/div>","protected":false},"excerpt":{"rendered":"<p>PROGRAMA FAM\u00cdLIAS NA FLORESTA S\u00e1bados, 10h30 &#8211; 12h30 O Movimento Bloom organiza atividades para fam\u00edlias em Cascais e Sintra. \u00c9 uma oportunidade \u00fanica para as fam\u00edlias partirem \u00e0 descoberta da sua natureza. Aqui h\u00e1 tempo e lugar para passear, correr, trepar, jogar, dar asas \u00e0 criatividade, construir abrigos ou criar obras de arte com elementos <a href=\"https:\/\/www.movimentobloom.org.pt\/pt\/familias\/\" class=\"read-more\">Continue Reading<i class=\"ion-ios-arrow-right\"><\/i><\/a><\/p>\n","protected":false},"author":1,"featured_media":0,"parent":0,"menu_order":0,"comment_status":"closed","ping_status":"closed","template":"","meta":{"footnotes":""},"class_list":["post-484","page","type-page","status-publish","hentry"],"_links":{"self":[{"href":"https:\/\/www.movimentobloom.org.pt\/pt\/wp-json\/wp\/v2\/pages\/484","targetHints":{"allow":["GET"]}}],"collection":[{"href":"https:\/\/www.movimentobloom.org.pt\/pt\/wp-json\/wp\/v2\/pages"}],"about":[{"href":"https:\/\/www.movimentobloom.org.pt\/pt\/wp-json\/wp\/v2\/types\/page"}],"author":[{"embeddable":true,"href":"https:\/\/www.movimentobloom.org.pt\/pt\/wp-json\/wp\/v2\/users\/1"}],"replies":[{"embeddable":true,"href":"https:\/\/www.movimentobloom.org.pt\/pt\/wp-json\/wp\/v2\/comments?post=484"}],"version-history":[{"count":106,"href":"https:\/\/www.movimentobloom.org.pt\/pt\/wp-json\/wp\/v2\/pages\/484\/revisions"}],"predecessor-version":[{"id":4392,"href":"https:\/\/www.movimentobloom.org.pt\/pt\/wp-json\/wp\/v2\/pages\/484\/revisions\/4392"}],"wp:attachment":[{"href":"https:\/\/www.movimentobloom.org.pt\/pt\/wp-json\/wp\/v2\/media?parent=484"}],"curies":[{"name":"wp","href":"https:\/\/api.w.org\/{rel}","templated":true}]}}