{"id":3919,"date":"2024-03-25T13:41:20","date_gmt":"2024-03-25T13:41:20","guid":{"rendered":"https:\/\/www.movimentobloom.org.pt\/pt\/?page_id=3919"},"modified":"2024-04-17T15:22:47","modified_gmt":"2024-04-17T15:22:47","slug":"nature-artisans-oficinas","status":"publish","type":"page","link":"https:\/\/www.movimentobloom.org.pt\/pt\/nature-artisans-oficinas\/","title":{"rendered":"Nature Artisans Oficinas"},"content":{"rendered":"<div id=\"pl-gb3919-69f3b8304a13f\"  class=\"panel-layout\" ><div id=\"pg-gb3919-69f3b8304a13f-0\"  class=\"panel-grid panel-no-style\" ><div id=\"pgc-gb3919-69f3b8304a13f-0-0\"  class=\"panel-grid-cell\" ><div id=\"panel-gb3919-69f3b8304a13f-0-0-0\" class=\"so-panel widget_text panel-first-child panel-last-child\" data-index=\"0\" >\t\t\t<div class=\"textwidget\"><p><strong>A quem se destina? <\/strong>P\u00fablico em geral, artistas, curiosos, apaixonados pela natureza e pelas artes manuais.<\/p>\n<p><strong>O que \u00e9? <\/strong>Cada oficina \u00e9 uma oportunidade \u00fanica para\u00a0mergulhar em tradi\u00e7\u00f5es e artesanatos ancestrais,\u00a0guiados por\u00a0artes\u00e3os\u00a0especiais e especialistas \u00a0apaixonados por preservar estas pr\u00e1ticas de longa data.<\/p>\n<div>As nossas oficinas n\u00e3o se tratam apenas de criar objetos bonitos; elas s\u00e3o sobre estabelecer uma conex\u00e3o profunda com a natureza, adotar pr\u00e1ticas sustent\u00e1veis e honrar a sabedoria dos nossos ancestrais. Cada sess\u00e3o ocorre num ambiente natural cuidadosamente selecionado, permitindo que os participantes se envolvam com elementos naturais e org\u00e2nicos, com a paisagem, sons e aromas da natureza.<\/div>\n<\/div>\n\t\t<\/div><\/div><\/div><\/div>\n\n\n<br\/>\n\n\n<div id=\"pl-gb3919-69f3b8304b3a0\"  class=\"panel-layout\" ><div id=\"pg-gb3919-69f3b8304b3a0-0\"  class=\"panel-grid panel-no-style\" ><div id=\"pgc-gb3919-69f3b8304b3a0-0-0\"  class=\"panel-grid-cell\" ><div id=\"panel-gb3919-69f3b8304b3a0-0-0-0\" class=\"so-panel widget_sow-features panel-first-child panel-last-child\" data-index=\"0\" ><div\n\t\t\t\n\t\t\tclass=\"so-widget-sow-features so-widget-sow-features-default-3171776133ba-3919\"\n\t\t\t\n\t\t>\n<div class=\"sow-features-list sow-features-responsive\">\n\n\t\t\t\t\t\t\t\t\t<div\n\t\t\t\tclass=\"sow-features-feature sow-icon-container-position-top sow-features-feature-last-row\"\n\t\t\t\tstyle=\"display: flex; flex-direction: column; width: 100%;\"\n\t\t\t>\n\t\t\t\n\t\t\t\t\t\t\t\t<div\n\t\t\t\t\tclass=\"sow-icon-container sow-container-round\"\n\t\t\t\t\tstyle=\"color: #ffffff; \"\n\t\t\t\t\ttitle=\"TINTURANDO\">\n\t\t\t\t\t<div class=\"sow-icon-image\" style=\"background-image: url(https:\/\/www.movimentobloom.org.pt\/pt\/wp-content\/uploads\/2022\/03\/14.png); font-size: 60px\"><\/div>\t\t\t\t<\/div>\n\t\t\t\t\n\t\t\t\t<div class=\"textwidget\">\n\t\t\t\t\t\n\t\t\t\t\t\t\t\t\t\t\t<h6>\n\t\t\t\t\t\t\t\n\t\t\t\t\t\t\tTINTURANDO\t\t\t\t\t\t\t\t\t\t\t\t\t<\/h6>\n\t\t\t\t\t\n\t\t\t\t\t\t\t\t\t\t\tDescubra a magia de transformar materiais org\u00e2nicos em tons deslumbrantes que refletem a beleza do ambiente ao nosso redor. Sob a orienta\u00e7\u00e3o de Anette da<a href=\"https:\/\/www.instagram.com\/tinctoriumstudio\/\" target=\"_blank\" rel=\"noopener\"><strong> Tinctorium Studio<\/strong><\/a>, aprender\u00e1 t\u00e9cnicas tradicionais de tingimento, experimentar\u00e1 diferentes pigmentos \u00e0 base de plantas e criar\u00e1 a sua pr\u00f3pria obra-prima em tecido.\n<br \/>\n<strong>Data: A definir | Local: Sintra<\/strong>\n\t\t\t\t\t\n\t\t\t\t\t\t\t\t\t<\/div>\n\t\t\t\t\t\t\t\t\n\t\t\t\t\t\t\t<\/div>\n\n\t\t\t\n<\/div>\n<\/div><\/div><\/div><div id=\"pgc-gb3919-69f3b8304b3a0-0-1\"  class=\"panel-grid-cell\" ><div id=\"panel-gb3919-69f3b8304b3a0-0-1-0\" class=\"so-panel widget_sow-features panel-first-child panel-last-child\" data-index=\"1\" ><div\n\t\t\t\n\t\t\tclass=\"so-widget-sow-features so-widget-sow-features-default-3171776133ba-3919\"\n\t\t\t\n\t\t>\n<div class=\"sow-features-list sow-features-responsive\">\n\n\t\t\t\t\t\t\t\t\t<div\n\t\t\t\tclass=\"sow-features-feature sow-icon-container-position-top sow-features-feature-last-row\"\n\t\t\t\tstyle=\"display: flex; flex-direction: column; width: 100%;\"\n\t\t\t>\n\t\t\t\n\t\t\t\t\t\t\t\t<div\n\t\t\t\t\tclass=\"sow-icon-container sow-container-round\"\n\t\t\t\t\tstyle=\"color: #ffffff; \"\n\t\t\t\t\ttitle=\"M\u00c3OS DA FLORESTA\">\n\t\t\t\t\t<div class=\"sow-icon-image\" style=\"background-image: url(https:\/\/www.movimentobloom.org.pt\/pt\/wp-content\/uploads\/2022\/03\/10.png); font-size: 60px\"><\/div>\t\t\t\t<\/div>\n\t\t\t\t\n\t\t\t\t<div class=\"textwidget\">\n\t\t\t\t\t\n\t\t\t\t\t\t\t\t\t\t\t<h6>\n\t\t\t\t\t\t\t\n\t\t\t\t\t\t\tM\u00c3OS DA FLORESTA\t\t\t\t\t\t\t\t\t\t\t\t\t<\/h6>\n\t\t\t\t\t\n\t\t\t\t\t\t\t\t\t\t\tEm colabora\u00e7\u00e3o com a ceramista Maria Castel-Branco desenvolvemos uma oficina de cer\u00e2mica na floresta. O cen\u00e1rio perfeito para estimular a criatividade. Traga nas suas m\u00e3os o que for inspira\u00e7\u00e3o durante o passeio na floresta. O que mais lhe chamar a aten\u00e7\u00e3o, pela cor, forma, textura, pelo que representa ou simplesmente porque cabe na m\u00e3o e gostou.\n<br \/>\n<div><strong>Data: 11 de maio 2024 | Hor\u00e1rio: 10h \u00e0s 13h | Local: Sintra | Valor: 65\u20ac<\/strong><\/div>\t\t\t\t\t\n\t\t\t\t\t\t\t\t\t<\/div>\n\t\t\t\t\t\t\t\t\n\t\t\t\t\t\t\t<\/div>\n\n\t\t\t\n<\/div>\n<\/div><\/div><\/div><\/div><div id=\"pg-gb3919-69f3b8304b3a0-1\"  class=\"panel-grid panel-no-style\" ><div id=\"pgc-gb3919-69f3b8304b3a0-1-0\"  class=\"panel-grid-cell\" ><div id=\"panel-gb3919-69f3b8304b3a0-1-0-0\" class=\"so-panel widget_sow-button panel-first-child panel-last-child\" data-index=\"2\" ><div\n\t\t\t\n\t\t\tclass=\"so-widget-sow-button so-widget-sow-button-flat-2bef7610cfdb-3919\"\n\t\t\t\n\t\t><div class=\"ow-button-base ow-button-align-center\">\n\t<a\n\thref=\"mailto:info@movimentobloom.org.pt?subject=Inscri\u00e7\u00e3o%20Tinturando\"\n\t\tclass=\"ow-icon-placement-left ow-button-hover\" target=\"_blank\" rel=\"noopener noreferrer\" \t>\n\t\t<span>\n\t\t\t\n\t\t\tINSCRI\u00c7\u00d5ES\t\t<\/span>\n\t<\/a>\n<\/div>\n<\/div><\/div><\/div><div id=\"pgc-gb3919-69f3b8304b3a0-1-1\"  class=\"panel-grid-cell\" ><div id=\"panel-gb3919-69f3b8304b3a0-1-1-0\" class=\"so-panel widget_sow-button panel-first-child panel-last-child\" data-index=\"3\" ><div\n\t\t\t\n\t\t\tclass=\"so-widget-sow-button so-widget-sow-button-flat-2bef7610cfdb-3919\"\n\t\t\t\n\t\t><div class=\"ow-button-base ow-button-align-center\">\n\t<a\n\thref=\"https:\/\/forms.gle\/45Qmjnttms9vgLzm7\"\n\t\tclass=\"ow-icon-placement-left ow-button-hover\" target=\"_blank\" rel=\"noopener noreferrer\" \t>\n\t\t<span>\n\t\t\t\n\t\t\tINSCRI\u00c7\u00d5ES\t\t<\/span>\n\t<\/a>\n<\/div>\n<\/div><\/div><\/div><\/div><\/div>\n\n\n<br\/>\n\n\n<div id=\"pl-gb3919-69f3b8304cfb0\"  class=\"panel-layout\" ><div id=\"pg-gb3919-69f3b8304cfb0-0\"  class=\"panel-grid panel-no-style\" ><div id=\"pgc-gb3919-69f3b8304cfb0-0-0\"  class=\"panel-grid-cell\" ><div id=\"panel-gb3919-69f3b8304cfb0-0-0-0\" class=\"so-panel widget_sow-image panel-first-child panel-last-child\" data-index=\"0\" ><div\n\t\t\t\n\t\t\tclass=\"so-widget-sow-image so-widget-sow-image-default-8b5b6f678277-3919\"\n\t\t\t\n\t\t>\n\n<div class=\"sow-image-container\">\n\t\t<img decoding=\"async\" src=\"https:\/\/www.movimentobloom.org.pt\/pt\/wp-content\/uploads\/2024\/04\/Artisans1.png\" width=\"1080\" height=\"1080\" srcset=\"https:\/\/www.movimentobloom.org.pt\/pt\/wp-content\/uploads\/2024\/04\/Artisans1.png 1080w, https:\/\/www.movimentobloom.org.pt\/pt\/wp-content\/uploads\/2024\/04\/Artisans1-300x300.png 300w, https:\/\/www.movimentobloom.org.pt\/pt\/wp-content\/uploads\/2024\/04\/Artisans1-100x100.png 100w, https:\/\/www.movimentobloom.org.pt\/pt\/wp-content\/uploads\/2024\/04\/Artisans1-600x600.png 600w, https:\/\/www.movimentobloom.org.pt\/pt\/wp-content\/uploads\/2024\/04\/Artisans1-1024x1024.png 1024w, https:\/\/www.movimentobloom.org.pt\/pt\/wp-content\/uploads\/2024\/04\/Artisans1-150x150.png 150w, https:\/\/www.movimentobloom.org.pt\/pt\/wp-content\/uploads\/2024\/04\/Artisans1-768x768.png 768w, https:\/\/www.movimentobloom.org.pt\/pt\/wp-content\/uploads\/2024\/04\/Artisans1-375x375.png 375w\" sizes=\"auto, (max-width: 1080px) 100vw, 1080px\" title=\"Artisans\" alt=\"\" loading=\"lazy\" \t\tclass=\"so-widget-image\"\/>\n\t<\/div>\n\n<\/div><\/div><\/div><div id=\"pgc-gb3919-69f3b8304cfb0-0-1\"  class=\"panel-grid-cell\" ><div id=\"panel-gb3919-69f3b8304cfb0-0-1-0\" class=\"so-panel widget_sow-image panel-first-child panel-last-child\" data-index=\"1\" ><div\n\t\t\t\n\t\t\tclass=\"so-widget-sow-image so-widget-sow-image-default-8b5b6f678277-3919\"\n\t\t\t\n\t\t>\n\n<div class=\"sow-image-container\">\n\t\t<img decoding=\"async\" src=\"https:\/\/www.movimentobloom.org.pt\/pt\/wp-content\/uploads\/2024\/04\/Artisans2-1.png\" width=\"1080\" height=\"1080\" srcset=\"https:\/\/www.movimentobloom.org.pt\/pt\/wp-content\/uploads\/2024\/04\/Artisans2-1.png 1080w, https:\/\/www.movimentobloom.org.pt\/pt\/wp-content\/uploads\/2024\/04\/Artisans2-1-300x300.png 300w, https:\/\/www.movimentobloom.org.pt\/pt\/wp-content\/uploads\/2024\/04\/Artisans2-1-100x100.png 100w, https:\/\/www.movimentobloom.org.pt\/pt\/wp-content\/uploads\/2024\/04\/Artisans2-1-600x600.png 600w, https:\/\/www.movimentobloom.org.pt\/pt\/wp-content\/uploads\/2024\/04\/Artisans2-1-1024x1024.png 1024w, https:\/\/www.movimentobloom.org.pt\/pt\/wp-content\/uploads\/2024\/04\/Artisans2-1-150x150.png 150w, https:\/\/www.movimentobloom.org.pt\/pt\/wp-content\/uploads\/2024\/04\/Artisans2-1-768x768.png 768w, https:\/\/www.movimentobloom.org.pt\/pt\/wp-content\/uploads\/2024\/04\/Artisans2-1-375x375.png 375w\" sizes=\"auto, (max-width: 1080px) 100vw, 1080px\" title=\"Artisans2 (1)\" alt=\"\" loading=\"lazy\" \t\tclass=\"so-widget-image\"\/>\n\t<\/div>\n\n<\/div><\/div><\/div><div id=\"pgc-gb3919-69f3b8304cfb0-0-2\"  class=\"panel-grid-cell\" ><div id=\"panel-gb3919-69f3b8304cfb0-0-2-0\" class=\"so-panel widget_sow-image panel-first-child panel-last-child\" data-index=\"2\" ><div\n\t\t\t\n\t\t\tclass=\"so-widget-sow-image so-widget-sow-image-default-8b5b6f678277-3919\"\n\t\t\t\n\t\t>\n\n<div class=\"sow-image-container\">\n\t\t<img decoding=\"async\" src=\"https:\/\/www.movimentobloom.org.pt\/pt\/wp-content\/uploads\/2024\/04\/Artisans3.png\" width=\"1080\" height=\"1080\" srcset=\"https:\/\/www.movimentobloom.org.pt\/pt\/wp-content\/uploads\/2024\/04\/Artisans3.png 1080w, https:\/\/www.movimentobloom.org.pt\/pt\/wp-content\/uploads\/2024\/04\/Artisans3-300x300.png 300w, https:\/\/www.movimentobloom.org.pt\/pt\/wp-content\/uploads\/2024\/04\/Artisans3-100x100.png 100w, https:\/\/www.movimentobloom.org.pt\/pt\/wp-content\/uploads\/2024\/04\/Artisans3-600x600.png 600w, https:\/\/www.movimentobloom.org.pt\/pt\/wp-content\/uploads\/2024\/04\/Artisans3-1024x1024.png 1024w, https:\/\/www.movimentobloom.org.pt\/pt\/wp-content\/uploads\/2024\/04\/Artisans3-150x150.png 150w, https:\/\/www.movimentobloom.org.pt\/pt\/wp-content\/uploads\/2024\/04\/Artisans3-768x768.png 768w, https:\/\/www.movimentobloom.org.pt\/pt\/wp-content\/uploads\/2024\/04\/Artisans3-375x375.png 375w\" sizes=\"auto, (max-width: 1080px) 100vw, 1080px\" title=\"Artisans\" alt=\"\" loading=\"lazy\" \t\tclass=\"so-widget-image\"\/>\n\t<\/div>\n\n<\/div><\/div><\/div><\/div><\/div>","protected":false},"excerpt":{"rendered":"<p>A quem se destina? P\u00fablico em geral, artistas, curiosos, apaixonados pela natureza e pelas artes manuais. O que \u00e9? Cada oficina \u00e9 uma oportunidade \u00fanica para\u00a0mergulhar em tradi\u00e7\u00f5es e artesanatos ancestrais,\u00a0guiados por\u00a0artes\u00e3os\u00a0especiais e especialistas \u00a0apaixonados por preservar estas pr\u00e1ticas de longa data. As nossas oficinas n\u00e3o se tratam apenas de criar objetos bonitos; elas s\u00e3o <a href=\"https:\/\/www.movimentobloom.org.pt\/pt\/nature-artisans-oficinas\/\" class=\"read-more\">Continue Reading<i class=\"ion-ios-arrow-right\"><\/i><\/a><\/p>\n","protected":false},"author":4,"featured_media":0,"parent":0,"menu_order":0,"comment_status":"closed","ping_status":"closed","template":"","meta":{"footnotes":""},"class_list":["post-3919","page","type-page","status-publish","hentry"],"_links":{"self":[{"href":"https:\/\/www.movimentobloom.org.pt\/pt\/wp-json\/wp\/v2\/pages\/3919","targetHints":{"allow":["GET"]}}],"collection":[{"href":"https:\/\/www.movimentobloom.org.pt\/pt\/wp-json\/wp\/v2\/pages"}],"about":[{"href":"https:\/\/www.movimentobloom.org.pt\/pt\/wp-json\/wp\/v2\/types\/page"}],"author":[{"embeddable":true,"href":"https:\/\/www.movimentobloom.org.pt\/pt\/wp-json\/wp\/v2\/users\/4"}],"replies":[{"embeddable":true,"href":"https:\/\/www.movimentobloom.org.pt\/pt\/wp-json\/wp\/v2\/comments?post=3919"}],"version-history":[{"count":17,"href":"https:\/\/www.movimentobloom.org.pt\/pt\/wp-json\/wp\/v2\/pages\/3919\/revisions"}],"predecessor-version":[{"id":3985,"href":"https:\/\/www.movimentobloom.org.pt\/pt\/wp-json\/wp\/v2\/pages\/3919\/revisions\/3985"}],"wp:attachment":[{"href":"https:\/\/www.movimentobloom.org.pt\/pt\/wp-json\/wp\/v2\/media?parent=3919"}],"curies":[{"name":"wp","href":"https:\/\/api.w.org\/{rel}","templated":true}]}}