{"id":3,"date":"2019-01-04T15:46:39","date_gmt":"2019-01-04T15:46:39","guid":{"rendered":"http:\/\/www.movimentobloom.org.pt\/pt\/?page_id=3"},"modified":"2020-03-30T17:51:32","modified_gmt":"2020-03-30T17:51:32","slug":"politica-de-privacidade","status":"publish","type":"page","link":"https:\/\/www.movimentobloom.org.pt\/pt\/politica-de-privacidade\/","title":{"rendered":"Polit\u00edca de Privacidade"},"content":{"rendered":"\n<h3 class=\"wp-block-heading\"><strong>Identifica\u00e7\u00e3o e Contacto do Respons\u00e1vel pelo Tratamento dos Dados Pessoais<\/strong><\/h3>\n\n\n\n<ul class=\"wp-block-list\"><li>Empresa: MOVI BLOOM &#8211; ASSOCIA\u00c7\u00c3O <\/li><li>Sede: Rua Sacadura Cabral 352, 2765-551 S. Pedro do Estoril <\/li><li>NIF: 509 581 960 <\/li><li>Contacto (tel): tel. 91 226 1666 | 93 581 5342 <\/li><li>Contacto (email): info@movimentobloom.org.pt <\/li><\/ul>\n\n\n\n<h3 class=\"wp-block-heading\"><strong>A Atividade do Movimento Bloom<\/strong><\/h3>\n\n\n\n<p>A sociedade associa\u00e7\u00e3o MOVI BLOOM, adiante designado por Movimento Bloom, com o N\u00famero de Identifica\u00e7\u00e3o de Pessoa Colectiva 509 581 960 \u00e9 propriet\u00e1ria do s\u00edtio na internet com o endere\u00e7o <a href=\"http:\/\/www.movimentobloom.org.pt\/\">www.movimentobloom.org.pt\/<\/a>, dedicado a atividades, eventos, palestras e informa\u00e7\u00f5es relacionados com educa\u00e7\u00e3o, ambiente, natureza, crian\u00e7as e fam\u00edlias.<br><\/p>\n\n\n\n<h3 class=\"wp-block-heading\"><strong>Compromisso com a Privacidade e a Prote\u00e7\u00e3o de Dados Pessoais<\/strong><\/h3>\n\n\n\n<p>A presente Pol\u00edtica de Privacidade visa informar os utilizadores dos servi\u00e7os do Movimento Bloom em mat\u00e9ria de prote\u00e7\u00e3o de dados pessoais e de privacidade. Por favor, leia o texto que se segue, para compreender e tomar conhecimento do tratamento dos seus dados pessoais. Em caso de d\u00favida, contacte-nos para o endere\u00e7o de correio eletr\u00f3nico <a href=\"mailto:info@movimentobloom.org.pt\">info@movimentobloom.org.pt<\/a>.<\/p>\n\n\n\n<p>Esta Pol\u00edtica de Privacidade:<\/p>\n\n\n\n<ul class=\"wp-block-list\"><li>Define a natureza e as fontes dos dados pessoais armazenados;<\/li><li>Explica como e para que fim armazenamos e usamos os dados pessoais;<\/li><li>Explica por quanto tempo mantemos os dados pessoais;<\/li><li>Explica quando, porqu\u00ea e com quem compartilhamos os dados pessoais;<\/li><li>Define a base jur\u00eddica para a utiliza\u00e7\u00e3o dos dados pessoais;<\/li><li>Explica os diferentes direitos dos utilizadores.<\/li><\/ul>\n\n\n\n<p>O website do Movimento inclui a op\u00e7\u00e3o relacionada com plataformas de redes sociais, incluindo o bot\u00e3o \u201cPartilhar\u201d ou \u201cSeguir\u201d do Facebook, Instagram e Linkedin. As entidades respons\u00e1veis por essas plataformas de redes sociais podem proceder \u00e0 recolha do seu endere\u00e7o IP e a p\u00e1gina que esteja a visitar no site do Movimento Bloom e podem instalar um <em>cookie<\/em> no seu computador\/<em>browser<\/em> de forma a permitir que a funcionalidade em causa seja executada corretamente. As suas interac\u00e7\u00f5es com as referidas entidades ser\u00e3o tidas ao abrigo da pol\u00edtica de privacidade da empresa que disponibiliza aquelas plataformas e respectivos servi\u00e7os.<br><\/p>\n\n\n\n<h3 class=\"wp-block-heading\"><strong>Recolha e Tratamento de Dados Pessoais <\/strong><\/h3>\n\n\n\n<p>Os dados pessoais s\u00e3o pedidos quando o utilizador preenche informa\u00e7\u00f5es de contacto via respectivo formul\u00e1rio online disponibilizado no site do Movimento Bloom, subscri\u00e7\u00e3o de newsletters do Movimento Bloom, para fazer um donativo online ou realizar transa\u00e7\u00f5es, para contact\u00e1-lo para obter opini\u00f5es sobre os nossos servi\u00e7os e notific\u00e1-lo ocasionalmente sobre altera\u00e7\u00f5es ou desenvolvimentos importantes no site ou servi\u00e7os, entre outros servi\u00e7os disponibilizados pelo Movimento Bloom atrav\u00e9s do site.<br><\/p>\n\n\n\n<p>A sua navega\u00e7\u00e3o atrav\u00e9s do site do Movimento Bloom pode tamb\u00e9m ser monitorizada para fins estat\u00edsticos, bem como,para fins de promo\u00e7\u00e3o das suas atividades, nomeadamente, publicidade direccionada.<br><\/p>\n\n\n\n<p>O Movimento Bloom tamb\u00e9m recolhe informa\u00e7\u00f5es sobre o <em>hardware<\/em> e o <em>software<\/em> do seu computador\/dispositivo. Essas informa\u00e7\u00f5es podem incluir o seu endere\u00e7o IP, tipo de <em>browser,<\/em> nomes de dom\u00ednios, hor\u00e1rios de acesso\/tempo de utiliza\u00e7\u00e3o do site do Movimento Bloom, conte\u00fados visualizados e endere\u00e7os dos sites de refer\u00eancia.<br><\/p>\n\n\n\n<p>As categorias de dados pessoais que est\u00e3o sujeitas a tratamentos por parte do Movimento Bloom para os fins referidos nesta Pol\u00edtica s\u00e3o:<\/p>\n\n\n\n<ul class=\"wp-block-list\"><li>Nome<\/li><li>Sobrenome<\/li><li>Email<\/li><li>N\u00famero de telefone<\/li><li>Morada<\/li><li>Data de nascimento<\/li><li>Tipo de <em>browser<\/em> utilizado<\/li><li>Tempo de acesso ao site do Movimento Bloom<\/li><\/ul>\n\n\n\n<h3 class=\"wp-block-heading\"><strong>Finalidades e Fundamento do Tratamento dos Dados Pessoais<\/strong><\/h3>\n\n\n\n<p>If you have an account and you log in to this site, we will set a temporary cookie to determine if your browser accepts cookies. This cookie contains no personal data and is discarded when you close your browser.<\/p>\n\n\n\n<p>O Movimento Bloom trata dos dados pessoais dos seus utilizadores com as seguintes finalidades:&nbsp;<\/p>\n\n\n\n<ul class=\"wp-block-list\"><li>Comunica\u00e7\u00e3o com clientes e esclarecimento de d\u00favidas atrav\u00e9s da informa\u00e7\u00e3o providenciada pelo utilizador no formul\u00e1rio de contacto colocado no website (via <em>mailing list<\/em>);<\/li><li>Processamento de pedidos de informa\u00e7\u00e3o;<\/li><li>Processamento de doa\u00e7\u00f5es ou contribui\u00e7\u00f5es monet\u00e1rias;<\/li><li>Gest\u00e3o e participa\u00e7\u00e3o em eventos, passatempos\/concursos e campanhas;<\/li><li>Verificar, manter e desenvolver sistemas e an\u00e1lises estat\u00edsticas;<\/li><li>Realiza\u00e7\u00e3o de inqu\u00e9ritos de satisfa\u00e7\u00e3o.<\/li><\/ul>\n\n\n\n<p>O Movimento Bloom garante a confidencialidade de todos os dados fornecidos pelos seus utilizadores. O tratamento dos dados recolhidos com essas finalidades \u00e9 l\u00edcito por ser necess\u00e1rio \u00e0 execu\u00e7\u00e3o do contrato que para esses fins \u00e9 estabelecido com os utilizadores, assim como porque os utilizadores prestam o seu consentimento para o tratamento com esses fins.<\/p>\n\n\n\n<p>O Movimento Bloom n\u00e3o trata categorias especiais de dados pessoais, designadamente, dados pessoais que revelem a origem racial ou \u00e9tnica, as opini\u00f5es pol\u00edticas, as convic\u00e7\u00f5es religiosas ou filos\u00f3ficas, ou a filia\u00e7\u00e3o sindical, dados gen\u00e9ticos, dados biom\u00e9tricos, dados relativos \u00e0 sa\u00fade ou dados relativos \u00e0 vida sexual ou orienta\u00e7\u00e3o sexual.<br><\/p>\n\n\n\n<p>Caso n\u00e3o queira ser contactado no futuro, por favor, informe-nos ao enviar um email para <a href=\"mailto:info@movimentobloom.org.pt\">info@movimentobloom.org.pt<\/a>.&nbsp;<br><\/p>\n\n\n\n<h3 class=\"wp-block-heading\"><strong>Pol\u00edtica de Cookies<\/strong><\/h3>\n\n\n\n<p>No \u00e2mbito das atividades do Movimento Bloom, s\u00e3o utilizados <em>cookies<\/em> e tecnologias semelhantes para melhorar a sua experi\u00eancia nos site, pelo que se prestam as informa\u00e7\u00f5es seguintes aos seus titulares.<br><\/p>\n\n\n\n<h4 class=\"wp-block-heading\">Defini\u00e7\u00e3o de cookies<\/h4>\n\n\n\n<p>Os <em>cookies <\/em>s\u00e3o pequenos ficheiros de texto que s\u00e3o instalados no browser do leitor e armazenados no respectivo computador, smartphone ou outro aparelho do utilizador, quando este visita um site. O seu objetivo principal \u00e9, por regra, reconhecer o utilizador sempre que ele acede ao site, permitindo, assim, tamb\u00e9m melhorar a experi\u00eancia do utilizador do site e o desempenho do site. Resumidamente: visam simplificar a sua navega\u00e7\u00e3o em movimentobloom.org.pt. Para os mesmos fins, outras tecnologias s\u00e3o utilizadas, tais como <em>pixel tags<\/em> ou outras formas de armazenamento local.<br><\/p>\n\n\n\n<h4 class=\"wp-block-heading\"><strong>Uso de Cookies pelo Movimento Bloom<\/strong><\/h4>\n\n\n\n<p>O Movimento Bloom usa <em>cookies <\/em>e tecnologias semelhantes, pr\u00f3prios e de terceiros, destinados a garantir e melhorar o funcionamento do site, a assistir os utilizadores na sua navega\u00e7\u00e3o, analisar o uso dos servi\u00e7os e aplica\u00e7\u00f5es associadas aos servi\u00e7os prestados, fornecer an\u00fancios, analisar a\u00e7\u00f5es promocionais e de marketing e permitir partilha de conte\u00fado nas redes sociais.<br><\/p>\n\n\n\n<h4 class=\"wp-block-heading\"><strong>Como gerir os seus <em>Cookies<\/em><\/strong><\/h4>\n\n\n\n<p>Ao aceder ao site, o utilizador aceita expressamente o uso deste tipo de <em>cookies<\/em> nos seus dispositivos. Se desativar os cookies, a sua navega\u00e7\u00e3o poder\u00e1 n\u00e3o ser otimizada e algumas funcionalidades dispon\u00edveis no site podem n\u00e3o funcionar corretamente.<br><\/p>\n\n\n\n<p>Para obter e consultar mais informa\u00e7\u00f5es sobre <em>cookies<\/em>, a respetiva utiliza\u00e7\u00e3o e como gerir as suas prefer\u00eancias sobre <em>cookies<\/em>, poder\u00e1 consultar as p\u00e1ginas de ajuda espec\u00edfica dos diferentes <em>browsers<\/em> (navegadores) ou p\u00e1ginas gen\u00e9ricas sobre este tema: <a href=\"https:\/\/support.google.com\/accounts\/answer\/32050?co=GENIE.Platform%3DDesktop&amp;hl=pt-BR\">Google Chrome<\/a>, <a href=\"https:\/\/support.mozilla.org\/pt-PT\/users\/auth?next=%2Fpt-PT%2Fkb%2Fnew%3Fredirectlocale%3Dpt-PT%26redirectslug%3Dlimpar-cookies-e-dados-de-sites-no-firefox%26title%3DLimpar%2B%253Cem%253Ecookies%253C%252Fem%253E%2Be%2Bdados%2Bde%2B%253Cem%253Esite%253C%252Fem%253E%2Bno%2BFirefox\">Mozilla Firefox<\/a>, <a href=\"https:\/\/support.apple.com\/pt-pt\/guide\/safari\/sfri11471\/mac\">Apple Safari<\/a> and <a href=\"https:\/\/support.microsoft.com\/pt-pt\/help\/278835\/how-to-delete-cookie-files-in-internet-explorer\">Microsoft Internet Explorer<\/a>.<br><\/p>\n\n\n\n<h3 class=\"wp-block-heading\"><strong>Transfer\u00eancia de Dados Pessoais para Terceiros<\/strong><\/h3>\n\n\n\n<p>Apenas no caso da organiza\u00e7\u00e3o de passatempos, workshops, palestras e campanhas, o Movimento Bloom pode fornecer os dados pessoais dos utilizadores participantes nos passatempos, workshops ou palestras, com a finalidade de execu\u00e7\u00e3o deste contrato, designadamente com vista ao contacto e\/ou entrega\/levantamento de bens ou servi\u00e7os que caibam aos utilizadores vencedores nessas atividades.&nbsp;<br><\/p>\n\n\n\n<h3 class=\"wp-block-heading\"><strong>Prazo de Conserva\u00e7\u00e3o dos Dados Pessoais<\/strong><\/h3>\n\n\n\n<p>Os dados pessoais podem ser processados e armazenados pelo per\u00edodo de tempo necess\u00e1rio \u00e0 presta\u00e7\u00e3o de servi\u00e7os prestados pelo propriet\u00e1rio, o Movimento Bloom.<br><\/p>\n\n\n\n<p>Quando o per\u00edodo de reten\u00e7\u00e3o expirar, os Dados Pessoais ser\u00e3o exclu\u00eddos. Portanto, o direito de acesso, o direito de apagar, o direito \u00e0 retifica\u00e7\u00e3o e o direito \u00e0 portabilidade de dados n\u00e3o podem ser aplicados ap\u00f3s o t\u00e9rmino do per\u00edodo de reten\u00e7\u00e3o.<br><\/p>\n\n\n\n<h3 class=\"wp-block-heading\"><strong>Os seus Direitos enquanto Titular de Dados Pessoais ao abrigo do RGDP<\/strong><\/h3>\n\n\n\n<p>De acordo com os termos do RGDP, o utilizador do site do Movimento Bloom tem os seguintes direitos:<\/p>\n\n\n\n<ul class=\"wp-block-list\"><li>O direito de acesso aos seus dados pessoais;<\/li><li>O direito de retifica\u00e7\u00e3o dos seus dados pessoais;<\/li><li>O direito ao apagamento dos seus dados pessoais;<\/li><li>O direito \u00e0 limita\u00e7\u00e3o do tratamento dos seus dados pessoais;<\/li><li>O direito de portabilidade dos dados pessoais por si fornecidos;<\/li><li>O direito de oposi\u00e7\u00e3o a determinado tratamento de dados pessoais que lhe digam respeito.<\/li><\/ul>\n\n\n\n<h3 class=\"wp-block-heading\"><strong>Altera\u00e7\u00f5es \u00e0 Pol\u00edtica de Privacidade<\/strong><\/h3>\n\n\n\n<p>A presente Pol\u00edtica foi pela \u00faltima vez atualizada a 30\/03\/2020 e poder\u00e1 ser atualizada ao longo do tempo, pelo que aconselha-se a consulta desta Pol\u00edtica sempre que fornecer dados pessoais ao Movimento bloom.<\/p>\n\n\n\n<p>Se n\u00e3o concordar com alguma altera\u00e7\u00e3o efetuada \u00e0 presente Pol\u00edtica, solicitamos que n\u00e3o continue a usar o site do Movimento Bloom para enviar ou, de algum forma, submeter os seus dados pessoais ao Movimento Bloom.<br><\/p>\n\n\n\n<h3 class=\"wp-block-heading\"><strong>Contactos<\/strong><\/h3>\n\n\n\n<p>Para o exerc\u00edcio dos direitos de titulares de dados pessoais acima referidos, ou para qualquer outra quest\u00e3o relacionada com a protec\u00e7\u00e3o dos seus dados pessoais, privacidade ou seguran\u00e7a de informa\u00e7\u00e3o, poder\u00e1 contactar o Movimento Bloom atrav\u00e9s do seguinte email <a href=\"mailto:info@movimentobloom.org.pt\">info@movimentobloom.org.pt<\/a>.<br><\/p>\n","protected":false},"excerpt":{"rendered":"<p>Identifica\u00e7\u00e3o e Contacto do Respons\u00e1vel pelo Tratamento dos Dados Pessoais Empresa: MOVI BLOOM &#8211; ASSOCIA\u00c7\u00c3O Sede: Rua Sacadura Cabral 352, 2765-551 S. Pedro do Estoril NIF: 509 581 960 Contacto (tel): tel. 91 226 1666 | 93 581 5342 Contacto (email): info@movimentobloom.org.pt A Atividade do Movimento Bloom A sociedade associa\u00e7\u00e3o MOVI BLOOM, adiante designado por <a href=\"https:\/\/www.movimentobloom.org.pt\/pt\/politica-de-privacidade\/\" class=\"read-more\">Continue Reading<i class=\"ion-ios-arrow-right\"><\/i><\/a><\/p>\n","protected":false},"author":1,"featured_media":0,"parent":0,"menu_order":0,"comment_status":"closed","ping_status":"open","template":"","meta":{"footnotes":""},"class_list":["post-3","page","type-page","status-publish","hentry"],"_links":{"self":[{"href":"https:\/\/www.movimentobloom.org.pt\/pt\/wp-json\/wp\/v2\/pages\/3","targetHints":{"allow":["GET"]}}],"collection":[{"href":"https:\/\/www.movimentobloom.org.pt\/pt\/wp-json\/wp\/v2\/pages"}],"about":[{"href":"https:\/\/www.movimentobloom.org.pt\/pt\/wp-json\/wp\/v2\/types\/page"}],"author":[{"embeddable":true,"href":"https:\/\/www.movimentobloom.org.pt\/pt\/wp-json\/wp\/v2\/users\/1"}],"replies":[{"embeddable":true,"href":"https:\/\/www.movimentobloom.org.pt\/pt\/wp-json\/wp\/v2\/comments?post=3"}],"version-history":[{"count":15,"href":"https:\/\/www.movimentobloom.org.pt\/pt\/wp-json\/wp\/v2\/pages\/3\/revisions"}],"predecessor-version":[{"id":1183,"href":"https:\/\/www.movimentobloom.org.pt\/pt\/wp-json\/wp\/v2\/pages\/3\/revisions\/1183"}],"wp:attachment":[{"href":"https:\/\/www.movimentobloom.org.pt\/pt\/wp-json\/wp\/v2\/media?parent=3"}],"curies":[{"name":"wp","href":"https:\/\/api.w.org\/{rel}","templated":true}]}}