{"id":2926,"date":"2024-01-31T11:53:02","date_gmt":"2024-01-31T11:53:02","guid":{"rendered":"https:\/\/www.movimentobloom.org.pt\/pt\/?page_id=2926"},"modified":"2024-11-08T19:44:10","modified_gmt":"2024-11-08T19:44:10","slug":"visitas-a-floresta","status":"publish","type":"page","link":"https:\/\/www.movimentobloom.org.pt\/pt\/visitas-a-floresta\/","title":{"rendered":"Visitas \u00e0 Floresta"},"content":{"rendered":"\n<p><strong>VISITAS PONTUAIS DE ESCOLAS \u00c0 FLORESTA<\/strong><\/p>\n\n\n\n<p id=\"paragrafovisitas\">\nNesta visita convidamos educadoras, professoras e alunos a desfrutarem da maravilhosa paisagem do Parque Natural Sintra Cascais. Vamos respirar ar puro e entrar em contacto com o melhor que a natureza tem para oferecer: uma multiplicidade infind\u00e1vel de recursos l\u00fadico pedag\u00f3gicos num ambiente saud\u00e1vel e naturalmente desafiador.\nPara al\u00e9m dos <a href=\"https:\/\/www.movimentobloom.org.pt\/pt\/escola-da-floresta-bloom\/ \"target=\"_blank\">dois programas cont\u00ednuos da Escola da Floresta Bloom<\/a>, o Movimento Bloom oferece \u00e0s escolas uma visita pontual \u00e0 floresta.\n<\/p>\n<br\/>\n\n\n<div id=\"pl-gb2926-69f2c8e920843\"  class=\"panel-layout\" ><div id=\"pg-gb2926-69f2c8e920843-0\"  class=\"panel-grid panel-no-style\" ><div id=\"pgc-gb2926-69f2c8e920843-0-0\"  class=\"panel-grid-cell\" ><div id=\"panel-gb2926-69f2c8e920843-0-0-0\" class=\"so-panel widget_sow-features panel-first-child panel-last-child\" data-index=\"0\" ><div\n\t\t\t\n\t\t\tclass=\"so-widget-sow-features so-widget-sow-features-default-6b01d85806c4-2926\"\n\t\t\t\n\t\t>\n<div class=\"sow-features-list sow-features-responsive\">\n\n\t\t\t\t\t\t\t\t\t<div\n\t\t\t\tclass=\"sow-features-feature sow-icon-container-position-top sow-features-feature-last-row\"\n\t\t\t\tstyle=\"display: flex; flex-direction: column; width: 100%;\"\n\t\t\t>\n\t\t\t\n\t\t\t\t\t\t\t\t<div\n\t\t\t\t\tclass=\"sow-icon-container sow-container-round\"\n\t\t\t\t\tstyle=\"color: #ffffff; \"\n\t\t\t\t\ttitle=\"QUEM?\">\n\t\t\t\t\t<div class=\"sow-icon-image\" style=\"background-image: url(https:\/\/www.movimentobloom.org.pt\/pt\/wp-content\/uploads\/2022\/03\/14.png); font-size: 48px\"><\/div>\t\t\t\t<\/div>\n\t\t\t\t\n\t\t\t\t<div class=\"textwidget\">\n\t\t\t\t\t\n\t\t\t\t\t\t\t\t\t\t\t<h5>\n\t\t\t\t\t\t\t\n\t\t\t\t\t\t\tQUEM?\t\t\t\t\t\t\t\t\t\t\t\t\t<\/h5>\n\t\t\t\t\t\n\t\t\t\t\t\t\t\t\t\t\t<p>Pr\u00e9-escolar<\/p>\n<p>1\u00ba e 2\u00ba Ciclos do Ensino B\u00e1sico<\/p>\n\t\t\t\t\t\n\t\t\t\t\t\t\t\t\t<\/div>\n\t\t\t\t\t\t\t\t\n\t\t\t\t\t\t\t<\/div>\n\n\t\t\t\n<\/div>\n<\/div><\/div><\/div><div id=\"pgc-gb2926-69f2c8e920843-0-1\"  class=\"panel-grid-cell\" ><div id=\"panel-gb2926-69f2c8e920843-0-1-0\" class=\"so-panel widget_sow-features panel-first-child panel-last-child\" data-index=\"1\" ><div\n\t\t\t\n\t\t\tclass=\"so-widget-sow-features so-widget-sow-features-default-6b01d85806c4-2926\"\n\t\t\t\n\t\t>\n<div class=\"sow-features-list sow-features-responsive\">\n\n\t\t\t\t\t\t\t\t\t<div\n\t\t\t\tclass=\"sow-features-feature sow-icon-container-position-top sow-features-feature-last-row\"\n\t\t\t\tstyle=\"display: flex; flex-direction: column; width: 100%;\"\n\t\t\t>\n\t\t\t\n\t\t\t\t\t\t\t\t<div\n\t\t\t\t\tclass=\"sow-icon-container sow-container-round\"\n\t\t\t\t\tstyle=\"color: #ffffff; \"\n\t\t\t\t\t>\n\t\t\t\t\t<div class=\"sow-icon-image\" style=\"background-image: url(https:\/\/www.movimentobloom.org.pt\/pt\/wp-content\/uploads\/2022\/03\/11.png); font-size: 48px\"><\/div>\t\t\t\t<\/div>\n\t\t\t\t\n\t\t\t\t<div class=\"textwidget\">\n\t\t\t\t\t\n\t\t\t\t\t\t\t\t\t\t\t<h5>\n\t\t\t\t\t\t\t\n\t\t\t\t\t\t\tQUANDO?\t\t\t\t\t\t\t\t\t\t\t\t\t<\/h5>\n\t\t\t\t\t\n\t\t\t\t\t\t\t\t\t\t\t<p>Sess\u00e3o de 2 horas<\/p>\n<p>Datas e Hor\u00e1rios<\/p>\n<p>sob agendamento<\/p>\n\t\t\t\t\t\n\t\t\t\t\t\t\t\t\t<\/div>\n\t\t\t\t\t\t\t\t\n\t\t\t\t\t\t\t<\/div>\n\n\t\t\t\n<\/div>\n<\/div><\/div><\/div><div id=\"pgc-gb2926-69f2c8e920843-0-2\"  class=\"panel-grid-cell\" ><div id=\"panel-gb2926-69f2c8e920843-0-2-0\" class=\"so-panel widget_sow-features panel-first-child panel-last-child\" data-index=\"2\" ><div\n\t\t\t\n\t\t\tclass=\"so-widget-sow-features so-widget-sow-features-default-6b01d85806c4-2926\"\n\t\t\t\n\t\t>\n<div class=\"sow-features-list sow-features-responsive\">\n\n\t\t\t\t\t\t\t\t\t<div\n\t\t\t\tclass=\"sow-features-feature sow-icon-container-position-top sow-features-feature-last-row\"\n\t\t\t\tstyle=\"display: flex; flex-direction: column; width: 100%;\"\n\t\t\t>\n\t\t\t\n\t\t\t\t\t\t\t\t<div\n\t\t\t\t\tclass=\"sow-icon-container sow-container-round\"\n\t\t\t\t\tstyle=\"color: #404040; \"\n\t\t\t\t\t>\n\t\t\t\t\t<div class=\"sow-icon-image\" style=\"background-image: url(https:\/\/www.movimentobloom.org.pt\/pt\/wp-content\/uploads\/2022\/03\/10.png); font-size: 48px\"><\/div>\t\t\t\t<\/div>\n\t\t\t\t\n\t\t\t\t<div class=\"textwidget\">\n\t\t\t\t\t\n\t\t\t\t\t\t\t\t\t\t\t<h5>\n\t\t\t\t\t\t\t\n\t\t\t\t\t\t\tONDE?\t\t\t\t\t\t\t\t\t\t\t\t\t<\/h5>\n\t\t\t\t\t\n\t\t\t\t\t\t\t\t\t\t\t<p>Quinta do Pis\u00e3o<\/p>\n<p>Quintinha de Monserrate<\/p>\n<p>Parque Natural Sintra-Cascais<\/p>\n\t\t\t\t\t\n\t\t\t\t\t\t\t\t\t<\/div>\n\t\t\t\t\t\t\t\t\n\t\t\t\t\t\t\t<\/div>\n\n\t\t\t\n<\/div>\n<\/div><\/div><\/div><div id=\"pgc-gb2926-69f2c8e920843-0-3\"  class=\"panel-grid-cell\" ><div id=\"panel-gb2926-69f2c8e920843-0-3-0\" class=\"so-panel widget_sow-features panel-first-child panel-last-child\" data-index=\"3\" ><div\n\t\t\t\n\t\t\tclass=\"so-widget-sow-features so-widget-sow-features-default-b8c3b514d53c-2926\"\n\t\t\t\n\t\t>\n<div class=\"sow-features-list sow-features-responsive\">\n\n\t\t\t\t\t\t\t\t\t<div\n\t\t\t\tclass=\"sow-features-feature sow-icon-container-position-top sow-features-feature-last-row\"\n\t\t\t\tstyle=\"display: flex; flex-direction: column; width: 100%;\"\n\t\t\t>\n\t\t\t\n\t\t\t\t\t\t\t\t<div\n\t\t\t\t\tclass=\"sow-icon-container sow-container-round\"\n\t\t\t\t\tstyle=\"color: #404040; \"\n\t\t\t\t\ttitle=\"VALORES?\">\n\t\t\t\t\t<div class=\"sow-icon-image\" style=\"background-image: url(https:\/\/www.movimentobloom.org.pt\/pt\/wp-content\/uploads\/2022\/03\/13.png); font-size: 48px\"><\/div>\t\t\t\t<\/div>\n\t\t\t\t\n\t\t\t\t<div class=\"textwidget\">\n\t\t\t\t\t\n\t\t\t\t\t\t\t\t\t\t\t<h5>\n\t\t\t\t\t\t\t\n\t\t\t\t\t\t\tVALORES?\t\t\t\t\t\t\t\t\t\t\t\t\t<\/h5>\n\t\t\t\t\t\n\t\t\t\t\t\t\t\t\t\t\tpor consulta\t\t\t\t\t\n\t\t\t\t\t\t\t\t\t<\/div>\n\t\t\t\t\t\t\t\t\n\t\t\t\t\t\t\t<\/div>\n\n\t\t\t\n<\/div>\n<\/div><\/div><\/div><\/div><\/div>\n\n<div id=\"pl-gb2926-69f2c8e925760\"  class=\"panel-layout\" ><div id=\"pg-gb2926-69f2c8e925760-0\"  class=\"panel-grid panel-has-style\" ><div class=\"siteorigin-panels-stretch panel-row-style panel-row-style-for-gb2926-69f2c8e925760-0\" data-stretch-type=\"full\" ><div id=\"pgc-gb2926-69f2c8e925760-0-0\"  class=\"panel-grid-cell\" ><div id=\"panel-gb2926-69f2c8e925760-0-0-0\" class=\"so-panel widget_siteorigin-panels-builder panel-first-child\" data-index=\"0\" ><div class=\"panel-widget-style panel-widget-style-for-gb2926-69f2c8e925760-0-0-0\" ><div id=\"pl-w65d888af53aba\"  class=\"panel-layout\" ><div id=\"pg-w65d888af53aba-0\"  class=\"panel-grid panel-has-style\" ><div class=\"siteorigin-panels-stretch panel-row-style panel-row-style-for-w65d888af53aba-0\" data-stretch-type=\"full-width-stretch\" ><div id=\"pgc-w65d888af53aba-0-0\"  class=\"panel-grid-cell\" ><div id=\"panel-w65d888af53aba-0-0-0\" class=\"so-panel widget_sow-headline panel-first-child panel-last-child\" data-index=\"0\" ><div class=\"panel-widget-style panel-widget-style-for-w65d888af53aba-0-0-0\" ><div\n\t\t\t\n\t\t\tclass=\"so-widget-sow-headline so-widget-sow-headline-default-3e3d1966441d\"\n\t\t\t\n\t\t><div class=\"sow-headline-container \">\n\t<h2 class='sow-headline'>Agende j\u00e1 uma visita da sua sala de aula \u00e0 floresta<\/h2><p class='sow-sub-headline'>Preencha o formul\u00e1rio ou contacte-nos para mais informa\u00e7\u00f5es<\/p><\/div>\n<\/div><\/div><\/div><\/div><\/div><\/div><\/div><\/div><\/div><div id=\"panel-gb2926-69f2c8e925760-0-0-1\" class=\"so-panel widget_sow-button panel-last-child\" data-index=\"1\" ><div\n\t\t\t\n\t\t\tclass=\"so-widget-sow-button so-widget-sow-button-flat-2bef7610cfdb-2926\"\n\t\t\t\n\t\t><div class=\"ow-button-base ow-button-align-center\">\n\t<a\n\thref=\"https:\/\/forms.gle\/VzZwV3PU2UTMo5pk7\"\n\t\tclass=\"ow-icon-placement-left ow-button-hover\" target=\"_blank\" rel=\"noopener noreferrer\" \t>\n\t\t<span>\n\t\t\t\n\t\t\tPR\u00c9-INSCRI\u00c7\u00c3O\t\t<\/span>\n\t<\/a>\n<\/div>\n<\/div><\/div><\/div><\/div><\/div><\/div>\n\n\n<div class=\"wp-block-gutena-accordion gutena-accordion-block gutena-accordion-block-1ace5d-a3 is-layout-flow wp-block-accordion-is-layout-flow\" data-single=\"false\">\n<div class=\"wp-block-gutena-accordion-panel gutena-accordion-block__panel\">\n<div class=\"wp-block-gutena-accordion-panel-title gutena-accordion-block__panel-title\"><div class=\"gutena-accordion-block__panel-title-inner\">\n<h6 class=\"wp-block-heading has-text-align-left\" style=\"margin-top:0px;margin-right:0px;margin-bottom:0px;margin-left:0px\"><strong>APRENDIZAGENS ESSENCIAIS<\/strong><br><em>conforme&nbsp;<\/em><strong><em>Perfil dos Alunos \u00e0 Sa\u00edda da Escolaridade Obrigat\u00f3ria<\/em><\/strong><\/h6>\n<div class=\"trigger-plus-minus\"><div class=\"horizontal\"><\/div><div class=\"vertical\"><\/div><\/div><\/div><\/div>\n\n\n\n<div class=\"wp-block-gutena-accordion-panel-content gutena-accordion-block__panel-content\"><div class=\"gutena-accordion-block__panel-content-inner\">\n<p class=\"has-small-font-size\"><strong>\u00c1REAS DE CONHECIMENTO DISCIPLINAR &amp; PR\u00c1TICO<\/strong><br>Estudo do Meio<br>Ci\u00eancias Naturais<br>Express\u00f5es Art\u00edsticas<br>Express\u00f5es F\u00edsico-Motoras<\/p>\n\n\n\n<p class=\"has-small-font-size\"><strong>\u00c1REAS DE COMPET\u00caNCIA&nbsp;SOCIOEMOCIONAL &amp; F\u00cdSICOMOTORA <\/strong><\/p>\n\n\n\n<p class=\"has-small-font-size\">Resolu\u00e7\u00e3o de problemas<br>Pensamento cr\u00edtico e pensamento criativo<br>Relacionamento interpessoal<br>Desenvolvimento pessoal e autonomia<br>Bem-estar, sa\u00fade e ambiente<br>Consci\u00eancia e dom\u00ednio do corpo<\/p>\n<\/div><\/div>\n<\/div>\n<\/div>\n\n\n\n<br\/>\n\n\n<div\n\t\t\t\n\t\t\tclass=\"so-widget-sow-headline so-widget-sow-headline-default-f51e17177ed7\"\n\t\t\t\n\t\t><div class=\"sow-headline-container \">\n\t<h4 class='sow-headline'>TESTEMUNHOS<\/h4><\/div>\n<\/div>\t\t\t\t<style type=\"text\/css\">.so-widget-sow-headline-default-f51e17177ed7 .sow-headline-container h4.sow-headline {\n  \n  text-align: center;\n  color: #d6ce8b;\n  line-height: 1.4em;\n  \n  \n  \n}\n@media (max-width: 780px) {\n  .so-widget-sow-headline-default-f51e17177ed7 .sow-headline-container h4.sow-headline {\n    text-align: center;\n  }\n}\n.so-widget-sow-headline-default-f51e17177ed7 .sow-headline-container h4.sow-headline a {\n  color: #d6ce8b;\n}\n.so-widget-sow-headline-default-f51e17177ed7 .sow-headline-container h3.sow-sub-headline {\n  \n  text-align: center;\n  \n  line-height: 1.4em;\n  \n  \n  \n}\n@media (max-width: 780px) {\n  .so-widget-sow-headline-default-f51e17177ed7 .sow-headline-container h3.sow-sub-headline {\n    text-align: center;\n  }\n}\n.so-widget-sow-headline-default-f51e17177ed7 .sow-headline-container .decoration {\n  line-height: 0em;\n  text-align: center;\n  margin-top: 20px;\n  margin-bottom: 20px;\n}\n@media (max-width: 780px) {\n  .so-widget-sow-headline-default-f51e17177ed7 .sow-headline-container .decoration {\n    text-align: center;\n  }\n}\n.so-widget-sow-headline-default-f51e17177ed7 .sow-headline-container .decoration .decoration-inside {\n  height: 1px;\n  display: inline-block;\n  border-top: 1px none #eeeeee;\n  width: 100%;\n  max-width: 80%;\n}\n.so-widget-sow-headline-default-f51e17177ed7 .sow-headline-container *:first-child {\n  margin-top: 0 !important;\n}\n.so-widget-sow-headline-default-f51e17177ed7 .sow-headline-container *:last-child {\n  margin-bottom: 0 !important;\n}<\/style>\n\t\t\t\t\n\n<style type='text\/css' media='all'>#tss-container-1172861803.tss-wrapper .tss-layout10 .item-content-wrapper,\r\n\t\t\t\t\t#tss-container-1172861803.tss-wrapper .tss-isotope3 .item-content-wrapper,\r\n\t\t\t\t\t#tss-container-1172861803.tss-wrapper .tss-isotope5 .item-content-wrapper,\r\n\t\t\t\t\t#tss-container-1172861803.tss-wrapper .tss-carousel10 .item-content-wrapper{background: transparent;}#tss-container-1172861803.tss-wrapper .tss-utility button,\r\n\t\t\t\t\t\t#tss-container-1172861803.tss-wrapper .tss-carousel-main .swiper-arrow,\r\n\t\t\t\t\t\t#tss-container-1172861803.tss-wrapper .tss-carousel-main .swiper-pagination-bullet,\r\n\t\t\t\t\t\t#tss-container-1172861803.tss-wrapper .tss-carousel .swiper-arrow,\r\n\t\t\t\t\t\t#tss-container-1172861803.tss-wrapper .tss-carousel .swiper-pagination-bullet,\r\n\t\t\t\t\t\t#tss-container-1172861803.tss-wrapper .tss-utility .rt-button,\r\n\t\t\t\t\t\t#tss-container-1172861803.tss-wrapper .tss-pagination ul.pagination-list li a,\r\n\t\t\t\t\t\t#tss-container-1172861803.tss-wrapper .tss-isotope-button-wrapper .rt-iso-button{background-color: #d6ce8b;}#tss-container-1172861803.tss-wrapper .single-item-wrapper h3.author-name,\r\n\t\t\t\t\t\t#tss-container-1172861803.tss-wrapper .single-item-wrapper h3.author-name a{color:#d6ce8b;font-weight:bolder;font-size:14px;}#tss-container-1172861803.tss-wrapper .single-item-wrapper h4.author-bio{color:#000000;font-weight:normal;font-size:12px;}#tss-container-1172861803.tss-wrapper .single-item-wrapper .item-content{color:#000000;}<\/style><div class='rt-container-fluid tss-wrapper ' id='tss-container-1172861803'  data-layout='carousel3' data-desktop-col='2'  data-tab-col='2'  data-mobile-col='1'><div data-title='Loading ...' class='rt-row tss-carousel3 tss-even tss-pre-loader'><div class=\"carousel-wrapper\"><div  class='tss-carousel swiper'\r\n\t\t\t\t\t\t\t\t\t\tdata-loop='false'\r\n\t\t\t\t\t\t\t\t\t\tdata-items-desktop='2'\r\n\t\t\t\t\t\t\t\t\t\tdata-items-tab='2'\r\n\t\t\t\t\t\t\t\t\t\tdata-items-mobile='1'\r\n\t\t\t\t\t\t\t\t\t\tdata-autoplay='true'\r\n\t\t\t\t\t\t\t\t\t\tdata-autoplay-timeout='5000'\r\n\t\t\t\t\t\t\t\t\t\tdata-autoplay-hover-pause='false'\r\n\t\t\t\t\t\t\t\t\t\tdata-dots='false'\r\n\t\t\t\t\t\t\t\t\t\tdata-nav='true'\r\n\t\t\t\t\t\t\t\t\t\tdata-lazy-load='false'\r\n\t\t\t\t\t\t\t\t\t\tdata-auto-height='true'\r\n\t\t\t\t\t\t\t\t\t\tdata-smart-speed='2000'\r\n\t\t\t\t\t\t\t\t\t\t><div class=\"swiper-wrapper\"><div class='rt-col-md-12 rt-col-sm-12 rt-col-xs-12 even-grid-item tss-grid-item slide-item swiper-slide even-grid-item default-margin'><div class=\"single-item-wrapper\"><div class=\"tss-meta-info\"><\/div><h3 class='author-name'>Col\u00e9gio o Park<\/h3><div class=\"item-content-wrapper\"><div class='item-content'>Julgo poder dizer em nome de todos, adultas e crian\u00e7as, que adoramos a experi\u00eancia! Esperamos poder repetir ainda este ano letivo.<\/div><\/div><\/div><\/div><div class='rt-col-md-12 rt-col-sm-12 rt-col-xs-12 even-grid-item tss-grid-item slide-item swiper-slide even-grid-item default-margin'><div class=\"single-item-wrapper\"><div class=\"tss-meta-info\"><\/div><h3 class='author-name'>Col\u00e9gio Saint Daniel Brottier<\/h3><div class=\"item-content-wrapper\"><div class='item-content'>As crian\u00e7as do Jardim de Inf\u00e2ncia foram \u00e0 Quinta do Pis\u00e3o para uma experi\u00eancia imersiva na natureza com o Movimento Bloom e adoraram!<\/div><\/div><\/div><\/div><\/div><div class=\"swiper-arrow swiper-button-next\"><i class=\"rttss-right-open\"><\/i><\/div><div class=\"swiper-arrow swiper-button-prev\"><i class=\"rttss-left-open\"><\/i><\/div><\/div><\/div><div class=\"rt-loading-overlay\"><\/div><div class=\"rt-loading rt-ball-clip-rotate\"><div><\/div><\/div><\/div><\/div>","protected":false},"excerpt":{"rendered":"<p>VISITAS PONTUAIS DE ESCOLAS \u00c0 FLORESTA Nesta visita convidamos educadoras, professoras e alunos a desfrutarem da maravilhosa paisagem do Parque Natural Sintra Cascais. Vamos respirar ar puro e entrar em contacto com o melhor que a natureza tem para oferecer: uma multiplicidade infind\u00e1vel de recursos l\u00fadico pedag\u00f3gicos num ambiente saud\u00e1vel e naturalmente desafiador. Para al\u00e9m <a href=\"https:\/\/www.movimentobloom.org.pt\/pt\/visitas-a-floresta\/\" class=\"read-more\">Continue Reading<i class=\"ion-ios-arrow-right\"><\/i><\/a><\/p>\n","protected":false},"author":4,"featured_media":0,"parent":0,"menu_order":0,"comment_status":"closed","ping_status":"closed","template":"","meta":{"footnotes":""},"class_list":["post-2926","page","type-page","status-publish","hentry"],"_links":{"self":[{"href":"https:\/\/www.movimentobloom.org.pt\/pt\/wp-json\/wp\/v2\/pages\/2926","targetHints":{"allow":["GET"]}}],"collection":[{"href":"https:\/\/www.movimentobloom.org.pt\/pt\/wp-json\/wp\/v2\/pages"}],"about":[{"href":"https:\/\/www.movimentobloom.org.pt\/pt\/wp-json\/wp\/v2\/types\/page"}],"author":[{"embeddable":true,"href":"https:\/\/www.movimentobloom.org.pt\/pt\/wp-json\/wp\/v2\/users\/4"}],"replies":[{"embeddable":true,"href":"https:\/\/www.movimentobloom.org.pt\/pt\/wp-json\/wp\/v2\/comments?post=2926"}],"version-history":[{"count":87,"href":"https:\/\/www.movimentobloom.org.pt\/pt\/wp-json\/wp\/v2\/pages\/2926\/revisions"}],"predecessor-version":[{"id":4115,"href":"https:\/\/www.movimentobloom.org.pt\/pt\/wp-json\/wp\/v2\/pages\/2926\/revisions\/4115"}],"wp:attachment":[{"href":"https:\/\/www.movimentobloom.org.pt\/pt\/wp-json\/wp\/v2\/media?parent=2926"}],"curies":[{"name":"wp","href":"https:\/\/api.w.org\/{rel}","templated":true}]}}